{"id":117,"date":"2023-12-10T13:55:04","date_gmt":"2023-12-10T13:55:04","guid":{"rendered":"https:\/\/dentoss-ks.com\/?page_id=117"},"modified":"2023-12-14T10:38:08","modified_gmt":"2023-12-14T10:38:08","slug":"ortodoncia","status":"publish","type":"page","link":"https:\/\/dentoss-ks.com\/sq\/ortodoncia\/","title":{"rendered":"Ortodoncia"},"content":{"rendered":"<div data-elementor-type=\"wp-page\" data-elementor-id=\"117\" class=\"elementor elementor-117\">\n\t\t\t\t<div class=\"elementor-element elementor-element-9b1c148 e-flex e-con-boxed e-con e-parent\" data-id=\"9b1c148\" data-element_type=\"container\" data-e-type=\"container\">\n\t\t\t\t\t<div class=\"e-con-inner\">\n\t\t\t\t<div class=\"elementor-element elementor-element-0d5f7ff elementor-widget__width-auto elementor-view-default elementor-widget elementor-widget-icon\" data-id=\"0d5f7ff\" data-element_type=\"widget\" data-e-type=\"widget\" data-settings=\"{&quot;ekit_we_effect_on&quot;:&quot;none&quot;}\" data-widget_type=\"icon.default\">\n\t\t\t\t<div class=\"elementor-widget-container\">\n\t\t\t\t\t\t\t<div class=\"elementor-icon-wrapper\">\n\t\t\t<a class=\"elementor-icon\" href=\"https:\/\/dentoss-ks.com\/sq\/#services\">\n\t\t\t<svg aria-hidden=\"true\" class=\"e-font-icon-svg e-fas-arrow-left\" viewbox=\"0 0 448 512\" xmlns=\"http:\/\/www.w3.org\/2000\/svg\"><path d=\"M257.5 445.1l-22.2 22.2c-9.4 9.4-24.6 9.4-33.9 0L7 273c-9.4-9.4-9.4-24.6 0-33.9L201.4 44.7c9.4-9.4 24.6-9.4 33.9 0l22.2 22.2c9.5 9.5 9.3 25-.4 34.3L136.6 216H424c13.3 0 24 10.7 24 24v32c0 13.3-10.7 24-24 24H136.6l120.5 114.8c9.8 9.3 10 24.8.4 34.3z\"><\/path><\/svg>\t\t\t<\/a>\n\t\t<\/div>\n\t\t\t\t\t\t<\/div>\n\t\t\t\t<\/div>\n\t\t\t\t<div class=\"elementor-element elementor-element-9446c00 elementor-widget elementor-widget-heading\" data-id=\"9446c00\" data-element_type=\"widget\" data-e-type=\"widget\" data-settings=\"{&quot;ekit_we_effect_on&quot;:&quot;none&quot;}\" data-widget_type=\"heading.default\">\n\t\t\t\t<div class=\"elementor-widget-container\">\n\t\t\t\t\t<h2 class=\"elementor-heading-title elementor-size-default\"><a href=\"https:\/\/dentoss-ks.com\/sq\/#services\">Trajtimet<\/a><\/h2>\t\t\t\t<\/div>\n\t\t\t\t<\/div>\n\t\t\t\t\t<\/div>\n\t\t\t\t<\/div>\n\t\t<div class=\"elementor-element elementor-element-fc00e78 e-flex e-con-boxed e-con e-parent\" data-id=\"fc00e78\" data-element_type=\"container\" data-e-type=\"container\">\n\t\t\t\t\t<div class=\"e-con-inner\">\n\t\t<div class=\"elementor-element elementor-element-d68876e e-con-full e-flex e-con e-child\" data-id=\"d68876e\" data-element_type=\"container\" data-e-type=\"container\">\n\t\t\t\t<div class=\"elementor-element elementor-element-42bf96d elementor-widget elementor-widget-image\" data-id=\"42bf96d\" data-element_type=\"widget\" data-e-type=\"widget\" data-settings=\"{&quot;ekit_we_effect_on&quot;:&quot;none&quot;}\" data-widget_type=\"image.default\">\n\t\t\t\t<div class=\"elementor-widget-container\">\n\t\t\t\t\t\t\t\t\t\t\t\t\t\t\t<img fetchpriority=\"high\" decoding=\"async\" width=\"500\" height=\"500\" src=\"https:\/\/dentoss-ks.com\/wp-content\/uploads\/2023\/12\/orthodontics.png\" class=\"attachment-large size-large wp-image-119\" alt=\"\" srcset=\"https:\/\/dentoss-ks.com\/wp-content\/uploads\/2023\/12\/orthodontics.png 500w, https:\/\/dentoss-ks.com\/wp-content\/uploads\/2023\/12\/orthodontics-300x300.png 300w, https:\/\/dentoss-ks.com\/wp-content\/uploads\/2023\/12\/orthodontics-150x150.png 150w\" sizes=\"(max-width: 500px) 100vw, 500px\" \/>\t\t\t\t\t\t\t\t\t\t\t\t\t\t\t<\/div>\n\t\t\t\t<\/div>\n\t\t\t\t<div class=\"elementor-element elementor-element-607a5be elementor-widget-divider--view-line elementor-widget elementor-widget-divider\" data-id=\"607a5be\" data-element_type=\"widget\" data-e-type=\"widget\" data-settings=\"{&quot;ekit_we_effect_on&quot;:&quot;none&quot;}\" data-widget_type=\"divider.default\">\n\t\t\t\t<div class=\"elementor-widget-container\">\n\t\t\t\t\t\t\t<div class=\"elementor-divider\">\n\t\t\t<span class=\"elementor-divider-separator\">\n\t\t\t\t\t\t<\/span>\n\t\t<\/div>\n\t\t\t\t\t\t<\/div>\n\t\t\t\t<\/div>\n\t\t\t\t<div class=\"elementor-element elementor-element-73b924a elementor-widget elementor-widget-heading\" data-id=\"73b924a\" data-element_type=\"widget\" data-e-type=\"widget\" data-settings=\"{&quot;ekit_we_effect_on&quot;:&quot;none&quot;}\" data-widget_type=\"heading.default\">\n\t\t\t\t<div class=\"elementor-widget-container\">\n\t\t\t\t\t<h2 class=\"elementor-heading-title elementor-size-default\">Ortodoncia<\/h2>\t\t\t\t<\/div>\n\t\t\t\t<\/div>\n\t\t\t\t<div class=\"elementor-element elementor-element-7bcf36d elementor-widget elementor-widget-text-editor\" data-id=\"7bcf36d\" data-element_type=\"widget\" data-e-type=\"widget\" data-settings=\"{&quot;ekit_we_effect_on&quot;:&quot;none&quot;}\" data-widget_type=\"text-editor.default\">\n\t\t\t\t<div class=\"elementor-widget-container\">\n\t\t\t\t\t\t\t\t\t<p><span class=\"OYPEnA text-decoration-none text-strikethrough-none\">Trajtimi me pajisje fikse \u00ebsht\u00eb m\u00ebnyra m\u00eb e sakt\u00eb p\u00ebr t\u00eb kontrolluar l\u00ebvizjen e dh\u00ebmb\u00ebve p\u00ebr t\u00eb arritur buz\u00ebqeshjen perfekte. Ekzistojn\u00eb tre komponent\u00eb kryesor\u00eb p\u00ebr pajisje t\u00eb tilla duke p\u00ebrfshir\u00eb briketat (t\u00eb cilat jan\u00eb ngjitur n\u00eb dh\u00ebmb\u00eb), telat me hark (telat e vendosura n\u00eb briketa) dhe pajisje ndihm\u00ebse si elastik\u00ebt.<\/span><\/p><p><span class=\"OYPEnA text-decoration-none text-strikethrough-none\">N\u00eb klinik\u00ebn ton\u00eb ne p\u00ebrdorim teknikat m\u00eb t\u00eb mira dhe materialet m\u00eb moderne, Forestadent, GAC, etj. Pra, ne do t\u00eb zgjedhim at\u00eb q\u00eb \u00ebsht\u00eb m\u00eb e mira p\u00ebr ju, n\u00eb var\u00ebsi t\u00eb problemit tuaj.<\/span><\/p><p><span class=\"OYPEnA text-decoration-none text-strikethrough-none\">Me terapi ortodontike do t\u00eb keni nj\u00eb buz\u00ebqeshje dhe vet\u00ebbesim t\u00eb bukur, do t\u00eb p\u00ebrmir\u00ebsoni harmonin\u00eb e fytyr\u00ebs, do t\u00eb eliminoni zakonet e k\u00ebqija, do t\u00eb keni sh\u00ebndet t\u00eb gjith\u00eb sistemit orofacial dhe kjo me t\u00eb v\u00ebrtet\u00eb nuk ka asnj\u00eb \u00e7mim.<\/span><\/p>\t\t\t\t\t\t\t\t<\/div>\n\t\t\t\t<\/div>\n\t\t\t\t<\/div>\n\t\t<div class=\"elementor-element elementor-element-ee201dc e-con-full e-flex e-con e-child\" data-id=\"ee201dc\" data-element_type=\"container\" data-e-type=\"container\">\n\t\t\t\t<div class=\"elementor-element elementor-element-4ea19db elementor-widget elementor-widget-spacer\" data-id=\"4ea19db\" data-element_type=\"widget\" data-e-type=\"widget\" data-settings=\"{&quot;ekit_we_effect_on&quot;:&quot;none&quot;}\" data-widget_type=\"spacer.default\">\n\t\t\t\t<div class=\"elementor-widget-container\">\n\t\t\t\t\t\t\t<div class=\"elementor-spacer\">\n\t\t\t<div class=\"elementor-spacer-inner\"><\/div>\n\t\t<\/div>\n\t\t\t\t\t\t<\/div>\n\t\t\t\t<\/div>\n\t\t\t\t<div class=\"elementor-element elementor-element-bfb15e3 elementor-widget elementor-widget-text-editor\" data-id=\"bfb15e3\" data-element_type=\"widget\" data-e-type=\"widget\" data-settings=\"{&quot;ekit_we_effect_on&quot;:&quot;none&quot;}\" data-widget_type=\"text-editor.default\">\n\t\t\t\t<div class=\"elementor-widget-container\">\n\t\t\t\t\t\t\t\t\t<p><span class=\"OYPEnA text-decoration-none text-strikethrough-none\">Invisalign \u00ebsht\u00eb nj\u00eb trajtim ortodontik q\u00eb drejton dh\u00ebmb\u00ebt pa p\u00ebrdorimin e briketave metalike. P\u00ebrmes analizmit tri dimensional t\u00eb modeleve t\u00eb dh\u00ebmb\u00ebve,<\/span> <span class=\"OYPEnA text-decoration-none text-strikethrough-none\">do t\u00eb p\u00ebrcaktohet koha e nevojshme dhe maskerinat e nevojshme p\u00ebr drejtimin e<\/span> <span class=\"OYPEnA text-decoration-none text-strikethrough-none\">dh\u00ebmb\u00ebve.<\/span><\/p>\t\t\t\t\t\t\t\t<\/div>\n\t\t\t\t<\/div>\n\t\t\t\t<div class=\"elementor-element elementor-element-5ca172b elementor-widget elementor-widget-video\" data-id=\"5ca172b\" data-element_type=\"widget\" data-e-type=\"widget\" data-settings=\"{&quot;video_type&quot;:&quot;hosted&quot;,&quot;autoplay&quot;:&quot;yes&quot;,&quot;play_on_mobile&quot;:&quot;yes&quot;,&quot;mute&quot;:&quot;yes&quot;,&quot;loop&quot;:&quot;yes&quot;,&quot;ekit_we_effect_on&quot;:&quot;none&quot;}\" data-widget_type=\"video.default\">\n\t\t\t\t<div class=\"elementor-widget-container\">\n\t\t\t\t\t\t\t<div class=\"e-hosted-video elementor-wrapper elementor-open-inline\">\n\t\t\t\t\t<video class=\"elementor-video\" src=\"https:\/\/dentoss-ks.com\/wp-content\/uploads\/2023\/12\/ORTODONCI-Compressed.mp4\" autoplay=\"\" loop=\"\" muted=\"muted\" playsinline=\"\" controlslist=\"nodownload\"><\/video>\n\t\t\t\t<\/div>\n\t\t\t\t\t\t<\/div>\n\t\t\t\t<\/div>\n\t\t\t\t<\/div>\n\t\t\t\t\t<\/div>\n\t\t\t\t<\/div>\n\t\t\t\t<\/div>","protected":false},"excerpt":{"rendered":"<p>\u00a0 Trajtimet Ortodoncia Trajtimi me pajisje fikse \u00ebsht\u00eb m\u00ebnyra m\u00eb e sakt\u00eb p\u00ebr t\u00eb kontrolluar l\u00ebvizjen e dh\u00ebmb\u00ebve p\u00ebr t\u00eb arritur buz\u00ebqeshjen perfekte. Ekzistojn\u00eb tre komponent\u00eb kryesor\u00eb p\u00ebr pajisje t\u00eb tilla duke p\u00ebrfshir\u00eb briketat (t\u00eb cilat jan\u00eb ngjitur n\u00eb dh\u00ebmb\u00eb), telat me hark (telat e vendosura n\u00eb briketa) dhe pajisje ndihm\u00ebse si elastik\u00ebt. N\u00eb klinik\u00ebn [&hellip;]<\/p>\n","protected":false},"author":1,"featured_media":0,"parent":0,"menu_order":0,"comment_status":"closed","ping_status":"closed","template":"elementor_header_footer","meta":{"site-sidebar-layout":"no-sidebar","site-content-layout":"","ast-site-content-layout":"full-width-container","site-content-style":"default","site-sidebar-style":"default","ast-global-header-display":"","ast-banner-title-visibility":"","ast-main-header-display":"","ast-hfb-above-header-display":"","ast-hfb-below-header-display":"","ast-hfb-mobile-header-display":"","site-post-title":"disabled","ast-breadcrumbs-content":"","ast-featured-img":"disabled","footer-sml-layout":"","ast-disable-related-posts":"","theme-transparent-header-meta":"default","adv-header-id-meta":"","stick-header-meta":"","header-above-stick-meta":"","header-main-stick-meta":"","header-below-stick-meta":"","astra-migrate-meta-layouts":"set","ast-page-background-enabled":"default","ast-page-background-meta":{"desktop":{"background-color":"var(--ast-global-color-4)","background-image":"","background-repeat":"repeat","background-position":"center center","background-size":"auto","background-attachment":"scroll","background-type":"","background-media":"","overlay-type":"","overlay-color":"","overlay-opacity":"","overlay-gradient":""},"tablet":{"background-color":"","background-image":"","background-repeat":"repeat","background-position":"center center","background-size":"auto","background-attachment":"scroll","background-type":"","background-media":"","overlay-type":"","overlay-color":"","overlay-opacity":"","overlay-gradient":""},"mobile":{"background-color":"","background-image":"","background-repeat":"repeat","background-position":"center center","background-size":"auto","background-attachment":"scroll","background-type":"","background-media":"","overlay-type":"","overlay-color":"","overlay-opacity":"","overlay-gradient":""}},"ast-content-background-meta":{"desktop":{"background-color":"var(--ast-global-color-5)","background-image":"","background-repeat":"repeat","background-position":"center center","background-size":"auto","background-attachment":"scroll","background-type":"","background-media":"","overlay-type":"","overlay-color":"","overlay-opacity":"","overlay-gradient":""},"tablet":{"background-color":"var(--ast-global-color-5)","background-image":"","background-repeat":"repeat","background-position":"center center","background-size":"auto","background-attachment":"scroll","background-type":"","background-media":"","overlay-type":"","overlay-color":"","overlay-opacity":"","overlay-gradient":""},"mobile":{"background-color":"var(--ast-global-color-5)","background-image":"","background-repeat":"repeat","background-position":"center center","background-size":"auto","background-attachment":"scroll","background-type":"","background-media":"","overlay-type":"","overlay-color":"","overlay-opacity":"","overlay-gradient":""}},"footnotes":""},"class_list":["post-117","page","type-page","status-publish","hentry"],"yoast_head":"<!-- This site is optimized with the Yoast SEO plugin v27.5 - https:\/\/yoast.com\/product\/yoast-seo-wordpress\/ -->\n<title>Ortodoncia | Trajtimet | Klinika DENTOSS<\/title>\n<meta name=\"robots\" content=\"index, follow, max-snippet:-1, max-image-preview:large, max-video-preview:-1\" \/>\n<link rel=\"canonical\" href=\"https:\/\/dentoss-ks.com\/sq\/ortodoncia\/\" \/>\n<meta property=\"og:locale\" content=\"sq_AL\" \/>\n<meta property=\"og:type\" content=\"article\" \/>\n<meta property=\"og:title\" content=\"Ortodoncia | Trajtimet | Klinika DENTOSS\" \/>\n<meta property=\"og:description\" content=\"\u00a0 Trajtimet Ortodoncia Trajtimi me pajisje fikse \u00ebsht\u00eb m\u00ebnyra m\u00eb e sakt\u00eb p\u00ebr t\u00eb kontrolluar l\u00ebvizjen e dh\u00ebmb\u00ebve p\u00ebr t\u00eb arritur buz\u00ebqeshjen perfekte. Ekzistojn\u00eb tre komponent\u00eb kryesor\u00eb p\u00ebr pajisje t\u00eb tilla duke p\u00ebrfshir\u00eb briketat (t\u00eb cilat jan\u00eb ngjitur n\u00eb dh\u00ebmb\u00eb), telat me hark (telat e vendosura n\u00eb briketa) dhe pajisje ndihm\u00ebse si elastik\u00ebt. N\u00eb klinik\u00ebn [&hellip;]\" \/>\n<meta property=\"og:url\" content=\"https:\/\/dentoss-ks.com\/sq\/ortodoncia\/\" \/>\n<meta property=\"og:site_name\" content=\"DENTOSS Clinic\" \/>\n<meta property=\"article:publisher\" content=\"https:\/\/www.facebook.com\/dentoss.clinic\" \/>\n<meta property=\"article:modified_time\" content=\"2023-12-14T10:38:08+00:00\" \/>\n<meta property=\"og:image\" content=\"https:\/\/dentoss-ks.com\/wp-content\/uploads\/2023\/12\/orthodontics.png\" \/>\n<meta name=\"twitter:card\" content=\"summary_large_image\" \/>\n<meta name=\"twitter:label1\" content=\"Est. reading time\" \/>\n\t<meta name=\"twitter:data1\" content=\"1 minut\u00eb\" \/>\n<script type=\"application\/ld+json\" class=\"yoast-schema-graph\">{\"@context\":\"https:\\\/\\\/schema.org\",\"@graph\":[{\"@type\":\"WebPage\",\"@id\":\"https:\\\/\\\/dentoss-ks.com\\\/ortodoncia\\\/\",\"url\":\"https:\\\/\\\/dentoss-ks.com\\\/ortodoncia\\\/\",\"name\":\"Ortodoncia | Trajtimet | Klinika DENTOSS\",\"isPartOf\":{\"@id\":\"https:\\\/\\\/dentoss-ks.com\\\/#website\"},\"primaryImageOfPage\":{\"@id\":\"https:\\\/\\\/dentoss-ks.com\\\/ortodoncia\\\/#primaryimage\"},\"image\":{\"@id\":\"https:\\\/\\\/dentoss-ks.com\\\/ortodoncia\\\/#primaryimage\"},\"thumbnailUrl\":\"https:\\\/\\\/dentoss-ks.com\\\/wp-content\\\/uploads\\\/2023\\\/12\\\/orthodontics.png\",\"datePublished\":\"2023-12-10T13:55:04+00:00\",\"dateModified\":\"2023-12-14T10:38:08+00:00\",\"breadcrumb\":{\"@id\":\"https:\\\/\\\/dentoss-ks.com\\\/ortodoncia\\\/#breadcrumb\"},\"inLanguage\":\"sq\",\"potentialAction\":[{\"@type\":\"ReadAction\",\"target\":[\"https:\\\/\\\/dentoss-ks.com\\\/ortodoncia\\\/\"]}]},{\"@type\":\"ImageObject\",\"inLanguage\":\"sq\",\"@id\":\"https:\\\/\\\/dentoss-ks.com\\\/ortodoncia\\\/#primaryimage\",\"url\":\"https:\\\/\\\/dentoss-ks.com\\\/wp-content\\\/uploads\\\/2023\\\/12\\\/orthodontics.png\",\"contentUrl\":\"https:\\\/\\\/dentoss-ks.com\\\/wp-content\\\/uploads\\\/2023\\\/12\\\/orthodontics.png\"},{\"@type\":\"BreadcrumbList\",\"@id\":\"https:\\\/\\\/dentoss-ks.com\\\/ortodoncia\\\/#breadcrumb\",\"itemListElement\":[{\"@type\":\"ListItem\",\"position\":1,\"name\":\"Home\",\"item\":\"https:\\\/\\\/dentoss-ks.com\\\/\"},{\"@type\":\"ListItem\",\"position\":2,\"name\":\"Ortodoncia\"}]},{\"@type\":\"WebSite\",\"@id\":\"https:\\\/\\\/dentoss-ks.com\\\/#website\",\"url\":\"https:\\\/\\\/dentoss-ks.com\\\/\",\"name\":\"Klinika DENTOSS\",\"description\":\"A better life through better dentistry\",\"publisher\":{\"@id\":\"https:\\\/\\\/dentoss-ks.com\\\/#organization\"},\"potentialAction\":[{\"@type\":\"SearchAction\",\"target\":{\"@type\":\"EntryPoint\",\"urlTemplate\":\"https:\\\/\\\/dentoss-ks.com\\\/?s={search_term_string}\"},\"query-input\":{\"@type\":\"PropertyValueSpecification\",\"valueRequired\":true,\"valueName\":\"search_term_string\"}}],\"inLanguage\":\"sq\"},{\"@type\":\"Organization\",\"@id\":\"https:\\\/\\\/dentoss-ks.com\\\/#organization\",\"name\":\"Klinika DENTOSS\",\"url\":\"https:\\\/\\\/dentoss-ks.com\\\/\",\"logo\":{\"@type\":\"ImageObject\",\"inLanguage\":\"sq\",\"@id\":\"https:\\\/\\\/dentoss-ks.com\\\/#\\\/schema\\\/logo\\\/image\\\/\",\"url\":\"https:\\\/\\\/dentoss-ks.com\\\/wp-content\\\/uploads\\\/2023\\\/12\\\/cropped-logo-with-text-for-contact-compressed.png\",\"contentUrl\":\"https:\\\/\\\/dentoss-ks.com\\\/wp-content\\\/uploads\\\/2023\\\/12\\\/cropped-logo-with-text-for-contact-compressed.png\",\"width\":512,\"height\":512,\"caption\":\"Klinika DENTOSS\"},\"image\":{\"@id\":\"https:\\\/\\\/dentoss-ks.com\\\/#\\\/schema\\\/logo\\\/image\\\/\"},\"sameAs\":[\"https:\\\/\\\/www.facebook.com\\\/dentoss.clinic\",\"https:\\\/\\\/www.instagram.com\\\/dentoss.clinic\\\/\"]}]}<\/script>\n<!-- \/ Yoast SEO plugin. -->","yoast_head_json":{"title":"Ortodoncia | Trajtimet | Klinika DENTOSS","robots":{"index":"index","follow":"follow","max-snippet":"max-snippet:-1","max-image-preview":"max-image-preview:large","max-video-preview":"max-video-preview:-1"},"canonical":"https:\/\/dentoss-ks.com\/sq\/ortodoncia\/","og_locale":"sq_AL","og_type":"article","og_title":"Ortodoncia | Trajtimet | Klinika DENTOSS","og_description":"\u00a0 Trajtimet Ortodoncia Trajtimi me pajisje fikse \u00ebsht\u00eb m\u00ebnyra m\u00eb e sakt\u00eb p\u00ebr t\u00eb kontrolluar l\u00ebvizjen e dh\u00ebmb\u00ebve p\u00ebr t\u00eb arritur buz\u00ebqeshjen perfekte. Ekzistojn\u00eb tre komponent\u00eb kryesor\u00eb p\u00ebr pajisje t\u00eb tilla duke p\u00ebrfshir\u00eb briketat (t\u00eb cilat jan\u00eb ngjitur n\u00eb dh\u00ebmb\u00eb), telat me hark (telat e vendosura n\u00eb briketa) dhe pajisje ndihm\u00ebse si elastik\u00ebt. N\u00eb klinik\u00ebn [&hellip;]","og_url":"https:\/\/dentoss-ks.com\/sq\/ortodoncia\/","og_site_name":"DENTOSS Clinic","article_publisher":"https:\/\/www.facebook.com\/dentoss.clinic","article_modified_time":"2023-12-14T10:38:08+00:00","og_image":[{"url":"https:\/\/dentoss-ks.com\/wp-content\/uploads\/2023\/12\/orthodontics.png","type":"","width":"","height":""}],"twitter_card":"summary_large_image","twitter_misc":{"Est. reading time":"1 minut\u00eb"},"schema":{"@context":"https:\/\/schema.org","@graph":[{"@type":"WebPage","@id":"https:\/\/dentoss-ks.com\/ortodoncia\/","url":"https:\/\/dentoss-ks.com\/ortodoncia\/","name":"Ortodoncia | Trajtimet | Klinika DENTOSS","isPartOf":{"@id":"https:\/\/dentoss-ks.com\/#website"},"primaryImageOfPage":{"@id":"https:\/\/dentoss-ks.com\/ortodoncia\/#primaryimage"},"image":{"@id":"https:\/\/dentoss-ks.com\/ortodoncia\/#primaryimage"},"thumbnailUrl":"https:\/\/dentoss-ks.com\/wp-content\/uploads\/2023\/12\/orthodontics.png","datePublished":"2023-12-10T13:55:04+00:00","dateModified":"2023-12-14T10:38:08+00:00","breadcrumb":{"@id":"https:\/\/dentoss-ks.com\/ortodoncia\/#breadcrumb"},"inLanguage":"sq","potentialAction":[{"@type":"ReadAction","target":["https:\/\/dentoss-ks.com\/ortodoncia\/"]}]},{"@type":"ImageObject","inLanguage":"sq","@id":"https:\/\/dentoss-ks.com\/ortodoncia\/#primaryimage","url":"https:\/\/dentoss-ks.com\/wp-content\/uploads\/2023\/12\/orthodontics.png","contentUrl":"https:\/\/dentoss-ks.com\/wp-content\/uploads\/2023\/12\/orthodontics.png"},{"@type":"BreadcrumbList","@id":"https:\/\/dentoss-ks.com\/ortodoncia\/#breadcrumb","itemListElement":[{"@type":"ListItem","position":1,"name":"Home","item":"https:\/\/dentoss-ks.com\/"},{"@type":"ListItem","position":2,"name":"Ortodoncia"}]},{"@type":"WebSite","@id":"https:\/\/dentoss-ks.com\/#website","url":"https:\/\/dentoss-ks.com\/","name":"Klinika DENTOSS","description":"A better life through better dentistry","publisher":{"@id":"https:\/\/dentoss-ks.com\/#organization"},"potentialAction":[{"@type":"SearchAction","target":{"@type":"EntryPoint","urlTemplate":"https:\/\/dentoss-ks.com\/?s={search_term_string}"},"query-input":{"@type":"PropertyValueSpecification","valueRequired":true,"valueName":"search_term_string"}}],"inLanguage":"sq"},{"@type":"Organization","@id":"https:\/\/dentoss-ks.com\/#organization","name":"Klinika DENTOSS","url":"https:\/\/dentoss-ks.com\/","logo":{"@type":"ImageObject","inLanguage":"sq","@id":"https:\/\/dentoss-ks.com\/#\/schema\/logo\/image\/","url":"https:\/\/dentoss-ks.com\/wp-content\/uploads\/2023\/12\/cropped-logo-with-text-for-contact-compressed.png","contentUrl":"https:\/\/dentoss-ks.com\/wp-content\/uploads\/2023\/12\/cropped-logo-with-text-for-contact-compressed.png","width":512,"height":512,"caption":"Klinika DENTOSS"},"image":{"@id":"https:\/\/dentoss-ks.com\/#\/schema\/logo\/image\/"},"sameAs":["https:\/\/www.facebook.com\/dentoss.clinic","https:\/\/www.instagram.com\/dentoss.clinic\/"]}]}},"_links":{"self":[{"href":"https:\/\/dentoss-ks.com\/sq\/wp-json\/wp\/v2\/pages\/117","targetHints":{"allow":["GET"]}}],"collection":[{"href":"https:\/\/dentoss-ks.com\/sq\/wp-json\/wp\/v2\/pages"}],"about":[{"href":"https:\/\/dentoss-ks.com\/sq\/wp-json\/wp\/v2\/types\/page"}],"author":[{"embeddable":true,"href":"https:\/\/dentoss-ks.com\/sq\/wp-json\/wp\/v2\/users\/1"}],"replies":[{"embeddable":true,"href":"https:\/\/dentoss-ks.com\/sq\/wp-json\/wp\/v2\/comments?post=117"}],"version-history":[{"count":11,"href":"https:\/\/dentoss-ks.com\/sq\/wp-json\/wp\/v2\/pages\/117\/revisions"}],"predecessor-version":[{"id":1652,"href":"https:\/\/dentoss-ks.com\/sq\/wp-json\/wp\/v2\/pages\/117\/revisions\/1652"}],"wp:attachment":[{"href":"https:\/\/dentoss-ks.com\/sq\/wp-json\/wp\/v2\/media?parent=117"}],"curies":[{"name":"wp","href":"https:\/\/api.w.org\/{rel}","templated":true}]}}