{"id":124,"date":"2023-12-10T13:57:46","date_gmt":"2023-12-10T13:57:46","guid":{"rendered":"https:\/\/dentoss-ks.com\/?page_id=124"},"modified":"2023-12-14T10:39:12","modified_gmt":"2023-12-14T10:39:12","slug":"paradontologjia","status":"publish","type":"page","link":"https:\/\/dentoss-ks.com\/sq\/paradontologjia\/","title":{"rendered":"Paradontologjia"},"content":{"rendered":"<div data-elementor-type=\"wp-page\" data-elementor-id=\"124\" class=\"elementor elementor-124\">\n\t\t\t\t<div class=\"elementor-element elementor-element-4155e53 e-flex e-con-boxed e-con e-parent\" data-id=\"4155e53\" data-element_type=\"container\" data-e-type=\"container\">\n\t\t\t\t\t<div class=\"e-con-inner\">\n\t\t\t\t<div class=\"elementor-element elementor-element-a821e94 elementor-widget__width-auto elementor-view-default elementor-widget elementor-widget-icon\" data-id=\"a821e94\" data-element_type=\"widget\" data-e-type=\"widget\" data-settings=\"{&quot;ekit_we_effect_on&quot;:&quot;none&quot;}\" data-widget_type=\"icon.default\">\n\t\t\t\t<div class=\"elementor-widget-container\">\n\t\t\t\t\t\t\t<div class=\"elementor-icon-wrapper\">\n\t\t\t<a class=\"elementor-icon\" href=\"https:\/\/dentoss-ks.com\/sq\/#services\">\n\t\t\t<svg aria-hidden=\"true\" class=\"e-font-icon-svg e-fas-arrow-left\" viewbox=\"0 0 448 512\" xmlns=\"http:\/\/www.w3.org\/2000\/svg\"><path d=\"M257.5 445.1l-22.2 22.2c-9.4 9.4-24.6 9.4-33.9 0L7 273c-9.4-9.4-9.4-24.6 0-33.9L201.4 44.7c9.4-9.4 24.6-9.4 33.9 0l22.2 22.2c9.5 9.5 9.3 25-.4 34.3L136.6 216H424c13.3 0 24 10.7 24 24v32c0 13.3-10.7 24-24 24H136.6l120.5 114.8c9.8 9.3 10 24.8.4 34.3z\"><\/path><\/svg>\t\t\t<\/a>\n\t\t<\/div>\n\t\t\t\t\t\t<\/div>\n\t\t\t\t<\/div>\n\t\t\t\t<div class=\"elementor-element elementor-element-e012921 elementor-widget elementor-widget-heading\" data-id=\"e012921\" data-element_type=\"widget\" data-e-type=\"widget\" data-settings=\"{&quot;ekit_we_effect_on&quot;:&quot;none&quot;}\" data-widget_type=\"heading.default\">\n\t\t\t\t<div class=\"elementor-widget-container\">\n\t\t\t\t\t<h2 class=\"elementor-heading-title elementor-size-default\"><a href=\"https:\/\/dentoss-ks.com\/sq\/#services\">Trajtimet<\/a><\/h2>\t\t\t\t<\/div>\n\t\t\t\t<\/div>\n\t\t\t\t\t<\/div>\n\t\t\t\t<\/div>\n\t\t<div class=\"elementor-element elementor-element-380cbc2 e-flex e-con-boxed e-con e-parent\" data-id=\"380cbc2\" data-element_type=\"container\" data-e-type=\"container\">\n\t\t\t\t\t<div class=\"e-con-inner\">\n\t\t<div class=\"elementor-element elementor-element-9a99508 e-con-full e-flex e-con e-child\" data-id=\"9a99508\" data-element_type=\"container\" data-e-type=\"container\">\n\t\t\t\t<div class=\"elementor-element elementor-element-8f24305 elementor-widget elementor-widget-image\" data-id=\"8f24305\" data-element_type=\"widget\" data-e-type=\"widget\" data-settings=\"{&quot;ekit_we_effect_on&quot;:&quot;none&quot;}\" data-widget_type=\"image.default\">\n\t\t\t\t<div class=\"elementor-widget-container\">\n\t\t\t\t\t\t\t\t\t\t\t\t\t\t\t<img fetchpriority=\"high\" decoding=\"async\" width=\"500\" height=\"500\" src=\"https:\/\/dentoss-ks.com\/wp-content\/uploads\/2023\/12\/periodontics.png\" class=\"attachment-large size-large wp-image-127\" alt=\"\" srcset=\"https:\/\/dentoss-ks.com\/wp-content\/uploads\/2023\/12\/periodontics.png 500w, https:\/\/dentoss-ks.com\/wp-content\/uploads\/2023\/12\/periodontics-300x300.png 300w, https:\/\/dentoss-ks.com\/wp-content\/uploads\/2023\/12\/periodontics-150x150.png 150w\" sizes=\"(max-width: 500px) 100vw, 500px\" \/>\t\t\t\t\t\t\t\t\t\t\t\t\t\t\t<\/div>\n\t\t\t\t<\/div>\n\t\t\t\t<div class=\"elementor-element elementor-element-4ac1fab elementor-widget-divider--view-line elementor-widget elementor-widget-divider\" data-id=\"4ac1fab\" data-element_type=\"widget\" data-e-type=\"widget\" data-settings=\"{&quot;ekit_we_effect_on&quot;:&quot;none&quot;}\" data-widget_type=\"divider.default\">\n\t\t\t\t<div class=\"elementor-widget-container\">\n\t\t\t\t\t\t\t<div class=\"elementor-divider\">\n\t\t\t<span class=\"elementor-divider-separator\">\n\t\t\t\t\t\t<\/span>\n\t\t<\/div>\n\t\t\t\t\t\t<\/div>\n\t\t\t\t<\/div>\n\t\t\t\t<div class=\"elementor-element elementor-element-517e8b2 elementor-widget elementor-widget-heading\" data-id=\"517e8b2\" data-element_type=\"widget\" data-e-type=\"widget\" data-settings=\"{&quot;ekit_we_effect_on&quot;:&quot;none&quot;}\" data-widget_type=\"heading.default\">\n\t\t\t\t<div class=\"elementor-widget-container\">\n\t\t\t\t\t<h2 class=\"elementor-heading-title elementor-size-default\">PARADONTOLOGJIA<\/h2>\t\t\t\t<\/div>\n\t\t\t\t<\/div>\n\t\t\t\t<div class=\"elementor-element elementor-element-de78898 elementor-widget elementor-widget-text-editor\" data-id=\"de78898\" data-element_type=\"widget\" data-e-type=\"widget\" data-settings=\"{&quot;ekit_we_effect_on&quot;:&quot;none&quot;}\" data-widget_type=\"text-editor.default\">\n\t\t\t\t<div class=\"elementor-widget-container\">\n\t\t\t\t\t\t\t\t\t<p><span class=\"OYPEnA text-decoration-none text-strikethrough-none\">Paradontologjia \u00ebsht\u00eb nj\u00eb fush\u00eb e stomatologjis\u00eb e cila merret me s\u00ebmundjet e aparatit mb\u00ebshtet\u00ebs t\u00eb dh\u00ebmbit, si gingiva, ligamenti periodontal dhe kocka. Nj\u00eb s\u00ebmundje e till\u00eb quhet periodontoza.<\/span><\/p>\n<p><span class=\"OYPEnA text-decoration-none text-strikethrough-none\">\u00c7do fillim i paradontopatis\u00eb \u00ebsht\u00eb i ngjash\u00ebm. Gingiviti \u00ebsht\u00eb simptoma e par\u00eb e paradontopatis\u00eb. N\u00ebse e v\u00ebreni se mishrat e dh\u00ebmb\u00ebve tuaj jan\u00eb t\u00eb ndjesh\u00ebm, gjakderdhin gjat\u00eb pastrimit t\u00eb dh\u00ebmb\u00ebve, jan\u00eb t\u00eb enj\u00ebtur dhe t\u00eb skuqur , \u00ebsht\u00eb koha q\u00eb t\u00eb vizitoni dentistin p\u00ebr t&#8217;i parandaluar k\u00ebto faza: Enj\u00ebtja e mishit t\u00eb dh\u00ebmb\u00ebve , pastaj<\/span> <span class=\"OYPEnA text-decoration-none text-strikethrough-none\">fillojn t\u00eb formohen xhepat paradontal t\u00eb cilit popullophen me baktere patogjene dhe d\u00ebmtojn\u00eb aparatin mb\u00ebshtet\u00ebs t\u00eb dh\u00ebmbit dhe duke e rrezikuar definitivisht sh\u00ebndetin e dh\u00ebmbit.<\/span><\/p>\t\t\t\t\t\t\t\t<\/div>\n\t\t\t\t<\/div>\n\t\t\t\t<\/div>\n\t\t<div class=\"elementor-element elementor-element-21a8075 e-con-full e-flex e-con e-child\" data-id=\"21a8075\" data-element_type=\"container\" data-e-type=\"container\">\n\t\t\t\t<div class=\"elementor-element elementor-element-07270bf elementor-widget elementor-widget-spacer\" data-id=\"07270bf\" data-element_type=\"widget\" data-e-type=\"widget\" data-settings=\"{&quot;ekit_we_effect_on&quot;:&quot;none&quot;}\" data-widget_type=\"spacer.default\">\n\t\t\t\t<div class=\"elementor-widget-container\">\n\t\t\t\t\t\t\t<div class=\"elementor-spacer\">\n\t\t\t<div class=\"elementor-spacer-inner\"><\/div>\n\t\t<\/div>\n\t\t\t\t\t\t<\/div>\n\t\t\t\t<\/div>\n\t\t\t\t<div class=\"elementor-element elementor-element-74787ca elementor-widget elementor-widget-text-editor\" data-id=\"74787ca\" data-element_type=\"widget\" data-e-type=\"widget\" data-settings=\"{&quot;ekit_we_effect_on&quot;:&quot;none&quot;}\" data-widget_type=\"text-editor.default\">\n\t\t\t\t<div class=\"elementor-widget-container\">\n\t\t\t\t\t\t\t\t\t<p><span class=\"OYPEnA text-decoration-none text-strikethrough-none\">N\u00eb Klinik\u00ebn Dentoss ne jemi gjithmon\u00eb n\u00eb dispozicion p\u00ebr t&#8217;ju ndihmuar fillimisht n\u00eb parandalimin e k\u00ebtyre problemeve periodontale, por gjithashtu ju ofrojm\u00eb t\u00eb gjitha mund\u00ebsit\u00eb e trajtimit kirurgjikal ose jokirurgjikal t\u00eb s\u00ebmundjes periodontale.<\/span><\/p>\t\t\t\t\t\t\t\t<\/div>\n\t\t\t\t<\/div>\n\t\t\t\t<div class=\"elementor-element elementor-element-d94ca15 elementor-widget elementor-widget-video\" data-id=\"d94ca15\" data-element_type=\"widget\" data-e-type=\"widget\" data-settings=\"{&quot;video_type&quot;:&quot;hosted&quot;,&quot;autoplay&quot;:&quot;yes&quot;,&quot;play_on_mobile&quot;:&quot;yes&quot;,&quot;mute&quot;:&quot;yes&quot;,&quot;loop&quot;:&quot;yes&quot;,&quot;ekit_we_effect_on&quot;:&quot;none&quot;}\" data-widget_type=\"video.default\">\n\t\t\t\t<div class=\"elementor-widget-container\">\n\t\t\t\t\t\t\t<div class=\"e-hosted-video elementor-wrapper elementor-open-inline\">\n\t\t\t\t\t<video class=\"elementor-video\" src=\"https:\/\/dentoss-ks.com\/wp-content\/uploads\/2023\/12\/PARADONTOLOGJI-Compressed.mp4\" autoplay=\"\" loop=\"\" muted=\"muted\" playsinline=\"\" controlslist=\"nodownload\"><\/video>\n\t\t\t\t<\/div>\n\t\t\t\t\t\t<\/div>\n\t\t\t\t<\/div>\n\t\t\t\t<\/div>\n\t\t\t\t\t<\/div>\n\t\t\t\t<\/div>\n\t\t\t\t<\/div>","protected":false},"excerpt":{"rendered":"<p>\u00a0 Trajtimet PARADONTOLOGJIA Paradontologjia \u00ebsht\u00eb nj\u00eb fush\u00eb e stomatologjis\u00eb e cila merret me s\u00ebmundjet e aparatit mb\u00ebshtet\u00ebs t\u00eb dh\u00ebmbit, si gingiva, ligamenti periodontal dhe kocka. Nj\u00eb s\u00ebmundje e till\u00eb quhet periodontoza. \u00c7do fillim i paradontopatis\u00eb \u00ebsht\u00eb i ngjash\u00ebm. Gingiviti \u00ebsht\u00eb simptoma e par\u00eb e paradontopatis\u00eb. N\u00ebse e v\u00ebreni se mishrat e dh\u00ebmb\u00ebve tuaj jan\u00eb t\u00eb [&hellip;]<\/p>\n","protected":false},"author":1,"featured_media":0,"parent":0,"menu_order":0,"comment_status":"closed","ping_status":"closed","template":"elementor_header_footer","meta":{"site-sidebar-layout":"no-sidebar","site-content-layout":"","ast-site-content-layout":"full-width-container","site-content-style":"default","site-sidebar-style":"default","ast-global-header-display":"","ast-banner-title-visibility":"","ast-main-header-display":"","ast-hfb-above-header-display":"","ast-hfb-below-header-display":"","ast-hfb-mobile-header-display":"","site-post-title":"disabled","ast-breadcrumbs-content":"","ast-featured-img":"disabled","footer-sml-layout":"","ast-disable-related-posts":"","theme-transparent-header-meta":"default","adv-header-id-meta":"","stick-header-meta":"","header-above-stick-meta":"","header-main-stick-meta":"","header-below-stick-meta":"","astra-migrate-meta-layouts":"set","ast-page-background-enabled":"default","ast-page-background-meta":{"desktop":{"background-color":"var(--ast-global-color-4)","background-image":"","background-repeat":"repeat","background-position":"center center","background-size":"auto","background-attachment":"scroll","background-type":"","background-media":"","overlay-type":"","overlay-color":"","overlay-opacity":"","overlay-gradient":""},"tablet":{"background-color":"","background-image":"","background-repeat":"repeat","background-position":"center center","background-size":"auto","background-attachment":"scroll","background-type":"","background-media":"","overlay-type":"","overlay-color":"","overlay-opacity":"","overlay-gradient":""},"mobile":{"background-color":"","background-image":"","background-repeat":"repeat","background-position":"center center","background-size":"auto","background-attachment":"scroll","background-type":"","background-media":"","overlay-type":"","overlay-color":"","overlay-opacity":"","overlay-gradient":""}},"ast-content-background-meta":{"desktop":{"background-color":"var(--ast-global-color-5)","background-image":"","background-repeat":"repeat","background-position":"center center","background-size":"auto","background-attachment":"scroll","background-type":"","background-media":"","overlay-type":"","overlay-color":"","overlay-opacity":"","overlay-gradient":""},"tablet":{"background-color":"var(--ast-global-color-5)","background-image":"","background-repeat":"repeat","background-position":"center center","background-size":"auto","background-attachment":"scroll","background-type":"","background-media":"","overlay-type":"","overlay-color":"","overlay-opacity":"","overlay-gradient":""},"mobile":{"background-color":"var(--ast-global-color-5)","background-image":"","background-repeat":"repeat","background-position":"center center","background-size":"auto","background-attachment":"scroll","background-type":"","background-media":"","overlay-type":"","overlay-color":"","overlay-opacity":"","overlay-gradient":""}},"footnotes":""},"class_list":["post-124","page","type-page","status-publish","hentry"],"yoast_head":"<!-- This site is optimized with the Yoast SEO plugin v27.5 - https:\/\/yoast.com\/product\/yoast-seo-wordpress\/ -->\n<title>Paradontologjia | Trajtimet | Klinika DENTOSS<\/title>\n<meta name=\"robots\" content=\"index, follow, max-snippet:-1, max-image-preview:large, max-video-preview:-1\" \/>\n<link rel=\"canonical\" href=\"https:\/\/dentoss-ks.com\/sq\/paradontologjia\/\" \/>\n<meta property=\"og:locale\" content=\"sq_AL\" \/>\n<meta property=\"og:type\" content=\"article\" \/>\n<meta property=\"og:title\" content=\"Paradontologjia | Trajtimet | Klinika DENTOSS\" \/>\n<meta property=\"og:description\" content=\"\u00a0 Trajtimet PARADONTOLOGJIA Paradontologjia \u00ebsht\u00eb nj\u00eb fush\u00eb e stomatologjis\u00eb e cila merret me s\u00ebmundjet e aparatit mb\u00ebshtet\u00ebs t\u00eb dh\u00ebmbit, si gingiva, ligamenti periodontal dhe kocka. Nj\u00eb s\u00ebmundje e till\u00eb quhet periodontoza. \u00c7do fillim i paradontopatis\u00eb \u00ebsht\u00eb i ngjash\u00ebm. Gingiviti \u00ebsht\u00eb simptoma e par\u00eb e paradontopatis\u00eb. N\u00ebse e v\u00ebreni se mishrat e dh\u00ebmb\u00ebve tuaj jan\u00eb t\u00eb [&hellip;]\" \/>\n<meta property=\"og:url\" content=\"https:\/\/dentoss-ks.com\/sq\/paradontologjia\/\" \/>\n<meta property=\"og:site_name\" content=\"DENTOSS Clinic\" \/>\n<meta property=\"article:publisher\" content=\"https:\/\/www.facebook.com\/dentoss.clinic\" \/>\n<meta property=\"article:modified_time\" content=\"2023-12-14T10:39:12+00:00\" \/>\n<meta property=\"og:image\" content=\"https:\/\/dentoss-ks.com\/wp-content\/uploads\/2023\/12\/periodontics.png\" \/>\n<meta name=\"twitter:card\" content=\"summary_large_image\" \/>\n<meta name=\"twitter:label1\" content=\"Est. reading time\" \/>\n\t<meta name=\"twitter:data1\" content=\"1 minut\u00eb\" \/>\n<script type=\"application\/ld+json\" class=\"yoast-schema-graph\">{\"@context\":\"https:\\\/\\\/schema.org\",\"@graph\":[{\"@type\":\"WebPage\",\"@id\":\"https:\\\/\\\/dentoss-ks.com\\\/paradontologjia\\\/\",\"url\":\"https:\\\/\\\/dentoss-ks.com\\\/paradontologjia\\\/\",\"name\":\"Paradontologjia | Trajtimet | Klinika DENTOSS\",\"isPartOf\":{\"@id\":\"https:\\\/\\\/dentoss-ks.com\\\/#website\"},\"primaryImageOfPage\":{\"@id\":\"https:\\\/\\\/dentoss-ks.com\\\/paradontologjia\\\/#primaryimage\"},\"image\":{\"@id\":\"https:\\\/\\\/dentoss-ks.com\\\/paradontologjia\\\/#primaryimage\"},\"thumbnailUrl\":\"https:\\\/\\\/dentoss-ks.com\\\/wp-content\\\/uploads\\\/2023\\\/12\\\/periodontics.png\",\"datePublished\":\"2023-12-10T13:57:46+00:00\",\"dateModified\":\"2023-12-14T10:39:12+00:00\",\"breadcrumb\":{\"@id\":\"https:\\\/\\\/dentoss-ks.com\\\/paradontologjia\\\/#breadcrumb\"},\"inLanguage\":\"sq\",\"potentialAction\":[{\"@type\":\"ReadAction\",\"target\":[\"https:\\\/\\\/dentoss-ks.com\\\/paradontologjia\\\/\"]}]},{\"@type\":\"ImageObject\",\"inLanguage\":\"sq\",\"@id\":\"https:\\\/\\\/dentoss-ks.com\\\/paradontologjia\\\/#primaryimage\",\"url\":\"https:\\\/\\\/dentoss-ks.com\\\/wp-content\\\/uploads\\\/2023\\\/12\\\/periodontics.png\",\"contentUrl\":\"https:\\\/\\\/dentoss-ks.com\\\/wp-content\\\/uploads\\\/2023\\\/12\\\/periodontics.png\"},{\"@type\":\"BreadcrumbList\",\"@id\":\"https:\\\/\\\/dentoss-ks.com\\\/paradontologjia\\\/#breadcrumb\",\"itemListElement\":[{\"@type\":\"ListItem\",\"position\":1,\"name\":\"Home\",\"item\":\"https:\\\/\\\/dentoss-ks.com\\\/\"},{\"@type\":\"ListItem\",\"position\":2,\"name\":\"Paradontologjia\"}]},{\"@type\":\"WebSite\",\"@id\":\"https:\\\/\\\/dentoss-ks.com\\\/#website\",\"url\":\"https:\\\/\\\/dentoss-ks.com\\\/\",\"name\":\"Klinika DENTOSS\",\"description\":\"A better life through better dentistry\",\"publisher\":{\"@id\":\"https:\\\/\\\/dentoss-ks.com\\\/#organization\"},\"potentialAction\":[{\"@type\":\"SearchAction\",\"target\":{\"@type\":\"EntryPoint\",\"urlTemplate\":\"https:\\\/\\\/dentoss-ks.com\\\/?s={search_term_string}\"},\"query-input\":{\"@type\":\"PropertyValueSpecification\",\"valueRequired\":true,\"valueName\":\"search_term_string\"}}],\"inLanguage\":\"sq\"},{\"@type\":\"Organization\",\"@id\":\"https:\\\/\\\/dentoss-ks.com\\\/#organization\",\"name\":\"Klinika DENTOSS\",\"url\":\"https:\\\/\\\/dentoss-ks.com\\\/\",\"logo\":{\"@type\":\"ImageObject\",\"inLanguage\":\"sq\",\"@id\":\"https:\\\/\\\/dentoss-ks.com\\\/#\\\/schema\\\/logo\\\/image\\\/\",\"url\":\"https:\\\/\\\/dentoss-ks.com\\\/wp-content\\\/uploads\\\/2023\\\/12\\\/cropped-logo-with-text-for-contact-compressed.png\",\"contentUrl\":\"https:\\\/\\\/dentoss-ks.com\\\/wp-content\\\/uploads\\\/2023\\\/12\\\/cropped-logo-with-text-for-contact-compressed.png\",\"width\":512,\"height\":512,\"caption\":\"Klinika DENTOSS\"},\"image\":{\"@id\":\"https:\\\/\\\/dentoss-ks.com\\\/#\\\/schema\\\/logo\\\/image\\\/\"},\"sameAs\":[\"https:\\\/\\\/www.facebook.com\\\/dentoss.clinic\",\"https:\\\/\\\/www.instagram.com\\\/dentoss.clinic\\\/\"]}]}<\/script>\n<!-- \/ Yoast SEO plugin. -->","yoast_head_json":{"title":"Paradontologjia | Trajtimet | Klinika DENTOSS","robots":{"index":"index","follow":"follow","max-snippet":"max-snippet:-1","max-image-preview":"max-image-preview:large","max-video-preview":"max-video-preview:-1"},"canonical":"https:\/\/dentoss-ks.com\/sq\/paradontologjia\/","og_locale":"sq_AL","og_type":"article","og_title":"Paradontologjia | Trajtimet | Klinika DENTOSS","og_description":"\u00a0 Trajtimet PARADONTOLOGJIA Paradontologjia \u00ebsht\u00eb nj\u00eb fush\u00eb e stomatologjis\u00eb e cila merret me s\u00ebmundjet e aparatit mb\u00ebshtet\u00ebs t\u00eb dh\u00ebmbit, si gingiva, ligamenti periodontal dhe kocka. Nj\u00eb s\u00ebmundje e till\u00eb quhet periodontoza. \u00c7do fillim i paradontopatis\u00eb \u00ebsht\u00eb i ngjash\u00ebm. Gingiviti \u00ebsht\u00eb simptoma e par\u00eb e paradontopatis\u00eb. N\u00ebse e v\u00ebreni se mishrat e dh\u00ebmb\u00ebve tuaj jan\u00eb t\u00eb [&hellip;]","og_url":"https:\/\/dentoss-ks.com\/sq\/paradontologjia\/","og_site_name":"DENTOSS Clinic","article_publisher":"https:\/\/www.facebook.com\/dentoss.clinic","article_modified_time":"2023-12-14T10:39:12+00:00","og_image":[{"url":"https:\/\/dentoss-ks.com\/wp-content\/uploads\/2023\/12\/periodontics.png","type":"","width":"","height":""}],"twitter_card":"summary_large_image","twitter_misc":{"Est. reading time":"1 minut\u00eb"},"schema":{"@context":"https:\/\/schema.org","@graph":[{"@type":"WebPage","@id":"https:\/\/dentoss-ks.com\/paradontologjia\/","url":"https:\/\/dentoss-ks.com\/paradontologjia\/","name":"Paradontologjia | Trajtimet | Klinika DENTOSS","isPartOf":{"@id":"https:\/\/dentoss-ks.com\/#website"},"primaryImageOfPage":{"@id":"https:\/\/dentoss-ks.com\/paradontologjia\/#primaryimage"},"image":{"@id":"https:\/\/dentoss-ks.com\/paradontologjia\/#primaryimage"},"thumbnailUrl":"https:\/\/dentoss-ks.com\/wp-content\/uploads\/2023\/12\/periodontics.png","datePublished":"2023-12-10T13:57:46+00:00","dateModified":"2023-12-14T10:39:12+00:00","breadcrumb":{"@id":"https:\/\/dentoss-ks.com\/paradontologjia\/#breadcrumb"},"inLanguage":"sq","potentialAction":[{"@type":"ReadAction","target":["https:\/\/dentoss-ks.com\/paradontologjia\/"]}]},{"@type":"ImageObject","inLanguage":"sq","@id":"https:\/\/dentoss-ks.com\/paradontologjia\/#primaryimage","url":"https:\/\/dentoss-ks.com\/wp-content\/uploads\/2023\/12\/periodontics.png","contentUrl":"https:\/\/dentoss-ks.com\/wp-content\/uploads\/2023\/12\/periodontics.png"},{"@type":"BreadcrumbList","@id":"https:\/\/dentoss-ks.com\/paradontologjia\/#breadcrumb","itemListElement":[{"@type":"ListItem","position":1,"name":"Home","item":"https:\/\/dentoss-ks.com\/"},{"@type":"ListItem","position":2,"name":"Paradontologjia"}]},{"@type":"WebSite","@id":"https:\/\/dentoss-ks.com\/#website","url":"https:\/\/dentoss-ks.com\/","name":"Klinika DENTOSS","description":"A better life through better dentistry","publisher":{"@id":"https:\/\/dentoss-ks.com\/#organization"},"potentialAction":[{"@type":"SearchAction","target":{"@type":"EntryPoint","urlTemplate":"https:\/\/dentoss-ks.com\/?s={search_term_string}"},"query-input":{"@type":"PropertyValueSpecification","valueRequired":true,"valueName":"search_term_string"}}],"inLanguage":"sq"},{"@type":"Organization","@id":"https:\/\/dentoss-ks.com\/#organization","name":"Klinika DENTOSS","url":"https:\/\/dentoss-ks.com\/","logo":{"@type":"ImageObject","inLanguage":"sq","@id":"https:\/\/dentoss-ks.com\/#\/schema\/logo\/image\/","url":"https:\/\/dentoss-ks.com\/wp-content\/uploads\/2023\/12\/cropped-logo-with-text-for-contact-compressed.png","contentUrl":"https:\/\/dentoss-ks.com\/wp-content\/uploads\/2023\/12\/cropped-logo-with-text-for-contact-compressed.png","width":512,"height":512,"caption":"Klinika DENTOSS"},"image":{"@id":"https:\/\/dentoss-ks.com\/#\/schema\/logo\/image\/"},"sameAs":["https:\/\/www.facebook.com\/dentoss.clinic","https:\/\/www.instagram.com\/dentoss.clinic\/"]}]}},"_links":{"self":[{"href":"https:\/\/dentoss-ks.com\/sq\/wp-json\/wp\/v2\/pages\/124","targetHints":{"allow":["GET"]}}],"collection":[{"href":"https:\/\/dentoss-ks.com\/sq\/wp-json\/wp\/v2\/pages"}],"about":[{"href":"https:\/\/dentoss-ks.com\/sq\/wp-json\/wp\/v2\/types\/page"}],"author":[{"embeddable":true,"href":"https:\/\/dentoss-ks.com\/sq\/wp-json\/wp\/v2\/users\/1"}],"replies":[{"embeddable":true,"href":"https:\/\/dentoss-ks.com\/sq\/wp-json\/wp\/v2\/comments?post=124"}],"version-history":[{"count":20,"href":"https:\/\/dentoss-ks.com\/sq\/wp-json\/wp\/v2\/pages\/124\/revisions"}],"predecessor-version":[{"id":1654,"href":"https:\/\/dentoss-ks.com\/sq\/wp-json\/wp\/v2\/pages\/124\/revisions\/1654"}],"wp:attachment":[{"href":"https:\/\/dentoss-ks.com\/sq\/wp-json\/wp\/v2\/media?parent=124"}],"curies":[{"name":"wp","href":"https:\/\/api.w.org\/{rel}","templated":true}]}}