{"id":132,"date":"2023-12-10T13:59:25","date_gmt":"2023-12-10T13:59:25","guid":{"rendered":"https:\/\/dentoss-ks.com\/?page_id=132"},"modified":"2023-12-14T10:41:56","modified_gmt":"2023-12-14T10:41:56","slug":"proteza","status":"publish","type":"page","link":"https:\/\/dentoss-ks.com\/sq\/proteza\/","title":{"rendered":"Proteza"},"content":{"rendered":"<div data-elementor-type=\"wp-page\" data-elementor-id=\"132\" class=\"elementor elementor-132\">\n\t\t\t\t<div class=\"elementor-element elementor-element-8e36446 e-flex e-con-boxed e-con e-parent\" data-id=\"8e36446\" data-element_type=\"container\" data-e-type=\"container\">\n\t\t\t\t\t<div class=\"e-con-inner\">\n\t\t\t\t<div class=\"elementor-element elementor-element-621c42c elementor-widget__width-auto elementor-view-default elementor-widget elementor-widget-icon\" data-id=\"621c42c\" data-element_type=\"widget\" data-e-type=\"widget\" data-settings=\"{&quot;ekit_we_effect_on&quot;:&quot;none&quot;}\" data-widget_type=\"icon.default\">\n\t\t\t\t<div class=\"elementor-widget-container\">\n\t\t\t\t\t\t\t<div class=\"elementor-icon-wrapper\">\n\t\t\t<a class=\"elementor-icon\" href=\"https:\/\/dentoss-ks.com\/sq\/#services\">\n\t\t\t<svg aria-hidden=\"true\" class=\"e-font-icon-svg e-fas-arrow-left\" viewbox=\"0 0 448 512\" xmlns=\"http:\/\/www.w3.org\/2000\/svg\"><path d=\"M257.5 445.1l-22.2 22.2c-9.4 9.4-24.6 9.4-33.9 0L7 273c-9.4-9.4-9.4-24.6 0-33.9L201.4 44.7c9.4-9.4 24.6-9.4 33.9 0l22.2 22.2c9.5 9.5 9.3 25-.4 34.3L136.6 216H424c13.3 0 24 10.7 24 24v32c0 13.3-10.7 24-24 24H136.6l120.5 114.8c9.8 9.3 10 24.8.4 34.3z\"><\/path><\/svg>\t\t\t<\/a>\n\t\t<\/div>\n\t\t\t\t\t\t<\/div>\n\t\t\t\t<\/div>\n\t\t\t\t<div class=\"elementor-element elementor-element-c690f05 elementor-widget elementor-widget-heading\" data-id=\"c690f05\" data-element_type=\"widget\" data-e-type=\"widget\" data-settings=\"{&quot;ekit_we_effect_on&quot;:&quot;none&quot;}\" data-widget_type=\"heading.default\">\n\t\t\t\t<div class=\"elementor-widget-container\">\n\t\t\t\t\t<h2 class=\"elementor-heading-title elementor-size-default\"><a href=\"https:\/\/dentoss-ks.com\/sq\/#services\">Trajtimet<\/a><\/h2>\t\t\t\t<\/div>\n\t\t\t\t<\/div>\n\t\t\t\t\t<\/div>\n\t\t\t\t<\/div>\n\t\t<div class=\"elementor-element elementor-element-19e3c75 e-flex e-con-boxed e-con e-parent\" data-id=\"19e3c75\" data-element_type=\"container\" data-e-type=\"container\">\n\t\t\t\t\t<div class=\"e-con-inner\">\n\t\t<div class=\"elementor-element elementor-element-0b01723 e-con-full e-flex e-con e-child\" data-id=\"0b01723\" data-element_type=\"container\" data-e-type=\"container\">\n\t\t\t\t<div class=\"elementor-element elementor-element-a98fe97 elementor-widget elementor-widget-image\" data-id=\"a98fe97\" data-element_type=\"widget\" data-e-type=\"widget\" data-settings=\"{&quot;ekit_we_effect_on&quot;:&quot;none&quot;}\" data-widget_type=\"image.default\">\n\t\t\t\t<div class=\"elementor-widget-container\">\n\t\t\t\t\t\t\t\t\t\t\t\t\t\t\t<img fetchpriority=\"high\" decoding=\"async\" width=\"500\" height=\"500\" src=\"https:\/\/dentoss-ks.com\/wp-content\/uploads\/2023\/12\/dentures.png\" class=\"attachment-large size-large wp-image-135\" alt=\"\" srcset=\"https:\/\/dentoss-ks.com\/wp-content\/uploads\/2023\/12\/dentures.png 500w, https:\/\/dentoss-ks.com\/wp-content\/uploads\/2023\/12\/dentures-300x300.png 300w, https:\/\/dentoss-ks.com\/wp-content\/uploads\/2023\/12\/dentures-150x150.png 150w\" sizes=\"(max-width: 500px) 100vw, 500px\" \/>\t\t\t\t\t\t\t\t\t\t\t\t\t\t\t<\/div>\n\t\t\t\t<\/div>\n\t\t\t\t<div class=\"elementor-element elementor-element-a109ba0 elementor-widget-divider--view-line elementor-widget elementor-widget-divider\" data-id=\"a109ba0\" data-element_type=\"widget\" data-e-type=\"widget\" data-settings=\"{&quot;ekit_we_effect_on&quot;:&quot;none&quot;}\" data-widget_type=\"divider.default\">\n\t\t\t\t<div class=\"elementor-widget-container\">\n\t\t\t\t\t\t\t<div class=\"elementor-divider\">\n\t\t\t<span class=\"elementor-divider-separator\">\n\t\t\t\t\t\t<\/span>\n\t\t<\/div>\n\t\t\t\t\t\t<\/div>\n\t\t\t\t<\/div>\n\t\t\t\t<div class=\"elementor-element elementor-element-d6ecc3b elementor-widget elementor-widget-heading\" data-id=\"d6ecc3b\" data-element_type=\"widget\" data-e-type=\"widget\" data-settings=\"{&quot;ekit_we_effect_on&quot;:&quot;none&quot;}\" data-widget_type=\"heading.default\">\n\t\t\t\t<div class=\"elementor-widget-container\">\n\t\t\t\t\t<h2 class=\"elementor-heading-title elementor-size-default\">PROTEZA<\/h2>\t\t\t\t<\/div>\n\t\t\t\t<\/div>\n\t\t\t\t<div class=\"elementor-element elementor-element-a996a1b elementor-widget elementor-widget-spacer\" data-id=\"a996a1b\" data-element_type=\"widget\" data-e-type=\"widget\" data-settings=\"{&quot;ekit_we_effect_on&quot;:&quot;none&quot;}\" data-widget_type=\"spacer.default\">\n\t\t\t\t<div class=\"elementor-widget-container\">\n\t\t\t\t\t\t\t<div class=\"elementor-spacer\">\n\t\t\t<div class=\"elementor-spacer-inner\"><\/div>\n\t\t<\/div>\n\t\t\t\t\t\t<\/div>\n\t\t\t\t<\/div>\n\t\t\t\t<div class=\"elementor-element elementor-element-f31e1b1 elementor-widget elementor-widget-text-editor\" data-id=\"f31e1b1\" data-element_type=\"widget\" data-e-type=\"widget\" data-settings=\"{&quot;ekit_we_effect_on&quot;:&quot;none&quot;}\" data-widget_type=\"text-editor.default\">\n\t\t\t\t<div class=\"elementor-widget-container\">\n\t\t\t\t\t\t\t\t\t<p class=\"cvGsUA direction-ltr align-justify para-style-body\"><span class=\"OYPEnA text-decoration-none text-strikethrough-none\">R\u00ebnd\u00ebsia e protezave n\u00eb fush\u00ebn e stomatologjis\u00eb \u00ebsht\u00eb v\u00ebrtet e madhe. Sot, protezat jan\u00eb nj\u00eb nga zgjidhjet m\u00eb t\u00eb mira p\u00ebr plot\u00ebsimin e nevojave dhe d\u00ebshir\u00ebn e nj\u00eb personi p\u00ebr t\u00eb patur nj\u00eb buz\u00ebqeshje t\u00eb bukur. P\u00ebrdoren te pacient\u00ebt e moshuar q\u00eb nuk kan\u00eb nj\u00eb num\u00ebr t\u00eb caktuar dh\u00ebmb\u00ebsh, madje edhe tek padh\u00ebmb\u00ebsia totale. Var\u00ebsisht nga padh\u00ebmb\u00ebsia, kemi edhe llojet e protezave si: protezat totale, parciale, imediate, valplast. Avantazhi i nj\u00eb proteze \u00ebsht\u00eb se ajo \u00ebsht\u00eb fleksib\u00ebl dhe e leht\u00eb, e cila arrin rehati absolute n\u00eb goj\u00eb, si dhe \u00ebsht\u00eb estetikisht shum\u00eb e pranueshme.<\/span><\/p>\t\t\t\t\t\t\t\t<\/div>\n\t\t\t\t<\/div>\n\t\t\t\t<\/div>\n\t\t<div class=\"elementor-element elementor-element-36fa46d e-con-full e-flex e-con e-child\" data-id=\"36fa46d\" data-element_type=\"container\" data-e-type=\"container\">\n\t\t\t\t<div class=\"elementor-element elementor-element-03d3af8 elementor-widget elementor-widget-text-editor\" data-id=\"03d3af8\" data-element_type=\"widget\" data-e-type=\"widget\" data-settings=\"{&quot;ekit_we_effect_on&quot;:&quot;none&quot;}\" data-widget_type=\"text-editor.default\">\n\t\t\t\t<div class=\"elementor-widget-container\">\n\t\t\t\t\t\t\t\t\t<p><strong>VALEPLAST<\/strong><\/p>\n<p><span class=\"OYPEnA text-decoration-none text-strikethrough-none\">Kur b\u00ebhet fjal\u00eb p\u00ebr protezat totale fleksib\u00ebl, valplast \u00ebsht\u00eb zgjidhja m\u00eb e p\u00ebrhapur dhe m\u00eb popullore. \u00cbsht\u00eb gjithashtu ideale n\u00ebse, p\u00ebr ndonj\u00eb arsye, nuk \u00ebsht\u00eb e mundur t\u00eb vendosni implante ose ura. Ajo ndryshon nga nj\u00eb protez\u00eb klasike n\u00eb at\u00eb q\u00eb nuk ka m\u00eb shqet\u00ebsime p\u00ebr kap\u00ebse metalike ose fluska dhe diskomfort. Kjo metod\u00eb siguron p\u00ebrshtatshm\u00ebri t\u00eb lart\u00eb p\u00ebr \u00e7do pacient, q\u00ebndrueshm\u00ebri dhe, natyrisht, vler\u00eb reale estetike, e cila \u00ebsht\u00eb e domosdoshme.<\/span><\/p>\n<p class=\"cvGsUA direction-ltr align-justify para-style-body\"><span class=\"OYPEnA text-decoration-none text-strikethrough-none\">K\u00ebto proteza fleksib\u00ebl jan\u00eb b\u00ebr\u00eb nga materiali biokompatibil, termoplastik,<\/span> <span class=\"OYPEnA text-decoration-none text-strikethrough-none\">q\u00eb \u00ebsht\u00eb hipoallergjik. Avantazhi i v\u00ebrtet\u00eb \u00ebsht\u00eb se ky material reagon ndaj temperatur\u00ebs n\u00eb goj\u00eb, dhe p\u00ebr shkak t\u00eb nxeht\u00ebsis\u00eb b\u00ebhet fleksib\u00ebl, gj\u00eb q\u00eb e b\u00ebn at\u00eb shum\u00eb komod dhe leht\u00ebsisht t\u00eb adaptuesh\u00ebm.<\/span><\/p>\n<p><span class=\"OYPEnA text-decoration-none text-strikethrough-none\">N\u00ebse mendoni se ky opsion \u00ebsht\u00eb m\u00eb pak i q\u00ebndruesh\u00ebm p\u00ebr shkak t\u00eb ve\u00e7orive t\u00eb tij fleksibile, e keni gabim. K\u00ebto proteza zakonisht vijn\u00eb me garancionin<\/span> <span class=\"OYPEnA text-decoration-none text-strikethrough-none\">e p\u00ebrjetsh\u00ebm nga prodhuesit &#8211; sigurisht q\u00eb i n\u00ebnshtrohen p\u00ebrdorimit, higjien\u00ebs dhe mir\u00ebmbajtjes s\u00eb duhur.<\/span><\/p>\t\t\t\t\t\t\t\t<\/div>\n\t\t\t\t<\/div>\n\t\t\t\t<\/div>\n\t\t\t\t\t<\/div>\n\t\t\t\t<\/div>\n\t\t\t\t<\/div>","protected":false},"excerpt":{"rendered":"<p>\u00a0 Trajtimet PROTEZA R\u00ebnd\u00ebsia e protezave n\u00eb fush\u00ebn e stomatologjis\u00eb \u00ebsht\u00eb v\u00ebrtet e madhe. Sot, protezat jan\u00eb nj\u00eb nga zgjidhjet m\u00eb t\u00eb mira p\u00ebr plot\u00ebsimin e nevojave dhe d\u00ebshir\u00ebn e nj\u00eb personi p\u00ebr t\u00eb patur nj\u00eb buz\u00ebqeshje t\u00eb bukur. P\u00ebrdoren te pacient\u00ebt e moshuar q\u00eb nuk kan\u00eb nj\u00eb num\u00ebr t\u00eb caktuar dh\u00ebmb\u00ebsh, madje edhe tek [&hellip;]<\/p>\n","protected":false},"author":1,"featured_media":0,"parent":0,"menu_order":0,"comment_status":"closed","ping_status":"closed","template":"elementor_header_footer","meta":{"site-sidebar-layout":"no-sidebar","site-content-layout":"","ast-site-content-layout":"full-width-container","site-content-style":"default","site-sidebar-style":"default","ast-global-header-display":"","ast-banner-title-visibility":"","ast-main-header-display":"","ast-hfb-above-header-display":"","ast-hfb-below-header-display":"","ast-hfb-mobile-header-display":"","site-post-title":"disabled","ast-breadcrumbs-content":"","ast-featured-img":"disabled","footer-sml-layout":"","ast-disable-related-posts":"","theme-transparent-header-meta":"default","adv-header-id-meta":"","stick-header-meta":"","header-above-stick-meta":"","header-main-stick-meta":"","header-below-stick-meta":"","astra-migrate-meta-layouts":"set","ast-page-background-enabled":"default","ast-page-background-meta":{"desktop":{"background-color":"var(--ast-global-color-4)","background-image":"","background-repeat":"repeat","background-position":"center center","background-size":"auto","background-attachment":"scroll","background-type":"","background-media":"","overlay-type":"","overlay-color":"","overlay-opacity":"","overlay-gradient":""},"tablet":{"background-color":"","background-image":"","background-repeat":"repeat","background-position":"center center","background-size":"auto","background-attachment":"scroll","background-type":"","background-media":"","overlay-type":"","overlay-color":"","overlay-opacity":"","overlay-gradient":""},"mobile":{"background-color":"","background-image":"","background-repeat":"repeat","background-position":"center center","background-size":"auto","background-attachment":"scroll","background-type":"","background-media":"","overlay-type":"","overlay-color":"","overlay-opacity":"","overlay-gradient":""}},"ast-content-background-meta":{"desktop":{"background-color":"var(--ast-global-color-5)","background-image":"","background-repeat":"repeat","background-position":"center center","background-size":"auto","background-attachment":"scroll","background-type":"","background-media":"","overlay-type":"","overlay-color":"","overlay-opacity":"","overlay-gradient":""},"tablet":{"background-color":"var(--ast-global-color-5)","background-image":"","background-repeat":"repeat","background-position":"center center","background-size":"auto","background-attachment":"scroll","background-type":"","background-media":"","overlay-type":"","overlay-color":"","overlay-opacity":"","overlay-gradient":""},"mobile":{"background-color":"var(--ast-global-color-5)","background-image":"","background-repeat":"repeat","background-position":"center center","background-size":"auto","background-attachment":"scroll","background-type":"","background-media":"","overlay-type":"","overlay-color":"","overlay-opacity":"","overlay-gradient":""}},"footnotes":""},"class_list":["post-132","page","type-page","status-publish","hentry"],"yoast_head":"<!-- This site is optimized with the Yoast SEO plugin v27.5 - https:\/\/yoast.com\/product\/yoast-seo-wordpress\/ -->\n<title>Proteza | Trajtimet | Klinika DENTOSS<\/title>\n<meta name=\"robots\" content=\"index, follow, max-snippet:-1, max-image-preview:large, max-video-preview:-1\" \/>\n<link rel=\"canonical\" href=\"https:\/\/dentoss-ks.com\/sq\/proteza\/\" \/>\n<meta property=\"og:locale\" content=\"sq_AL\" \/>\n<meta property=\"og:type\" content=\"article\" \/>\n<meta property=\"og:title\" content=\"Proteza | Trajtimet | Klinika DENTOSS\" \/>\n<meta property=\"og:description\" content=\"\u00a0 Trajtimet PROTEZA R\u00ebnd\u00ebsia e protezave n\u00eb fush\u00ebn e stomatologjis\u00eb \u00ebsht\u00eb v\u00ebrtet e madhe. Sot, protezat jan\u00eb nj\u00eb nga zgjidhjet m\u00eb t\u00eb mira p\u00ebr plot\u00ebsimin e nevojave dhe d\u00ebshir\u00ebn e nj\u00eb personi p\u00ebr t\u00eb patur nj\u00eb buz\u00ebqeshje t\u00eb bukur. P\u00ebrdoren te pacient\u00ebt e moshuar q\u00eb nuk kan\u00eb nj\u00eb num\u00ebr t\u00eb caktuar dh\u00ebmb\u00ebsh, madje edhe tek [&hellip;]\" \/>\n<meta property=\"og:url\" content=\"https:\/\/dentoss-ks.com\/sq\/proteza\/\" \/>\n<meta property=\"og:site_name\" content=\"DENTOSS Clinic\" \/>\n<meta property=\"article:publisher\" content=\"https:\/\/www.facebook.com\/dentoss.clinic\" \/>\n<meta property=\"article:modified_time\" content=\"2023-12-14T10:41:56+00:00\" \/>\n<meta property=\"og:image\" content=\"https:\/\/dentoss-ks.com\/wp-content\/uploads\/2023\/12\/dentures.png\" \/>\n<meta name=\"twitter:card\" content=\"summary_large_image\" \/>\n<meta name=\"twitter:label1\" content=\"Est. reading time\" \/>\n\t<meta name=\"twitter:data1\" content=\"2 minuta\" \/>\n<script type=\"application\/ld+json\" class=\"yoast-schema-graph\">{\"@context\":\"https:\\\/\\\/schema.org\",\"@graph\":[{\"@type\":\"WebPage\",\"@id\":\"https:\\\/\\\/dentoss-ks.com\\\/proteza\\\/\",\"url\":\"https:\\\/\\\/dentoss-ks.com\\\/proteza\\\/\",\"name\":\"Proteza | Trajtimet | Klinika DENTOSS\",\"isPartOf\":{\"@id\":\"https:\\\/\\\/dentoss-ks.com\\\/#website\"},\"primaryImageOfPage\":{\"@id\":\"https:\\\/\\\/dentoss-ks.com\\\/proteza\\\/#primaryimage\"},\"image\":{\"@id\":\"https:\\\/\\\/dentoss-ks.com\\\/proteza\\\/#primaryimage\"},\"thumbnailUrl\":\"https:\\\/\\\/dentoss-ks.com\\\/wp-content\\\/uploads\\\/2023\\\/12\\\/dentures.png\",\"datePublished\":\"2023-12-10T13:59:25+00:00\",\"dateModified\":\"2023-12-14T10:41:56+00:00\",\"breadcrumb\":{\"@id\":\"https:\\\/\\\/dentoss-ks.com\\\/proteza\\\/#breadcrumb\"},\"inLanguage\":\"sq\",\"potentialAction\":[{\"@type\":\"ReadAction\",\"target\":[\"https:\\\/\\\/dentoss-ks.com\\\/proteza\\\/\"]}]},{\"@type\":\"ImageObject\",\"inLanguage\":\"sq\",\"@id\":\"https:\\\/\\\/dentoss-ks.com\\\/proteza\\\/#primaryimage\",\"url\":\"https:\\\/\\\/dentoss-ks.com\\\/wp-content\\\/uploads\\\/2023\\\/12\\\/dentures.png\",\"contentUrl\":\"https:\\\/\\\/dentoss-ks.com\\\/wp-content\\\/uploads\\\/2023\\\/12\\\/dentures.png\"},{\"@type\":\"BreadcrumbList\",\"@id\":\"https:\\\/\\\/dentoss-ks.com\\\/proteza\\\/#breadcrumb\",\"itemListElement\":[{\"@type\":\"ListItem\",\"position\":1,\"name\":\"Home\",\"item\":\"https:\\\/\\\/dentoss-ks.com\\\/\"},{\"@type\":\"ListItem\",\"position\":2,\"name\":\"Proteza\"}]},{\"@type\":\"WebSite\",\"@id\":\"https:\\\/\\\/dentoss-ks.com\\\/#website\",\"url\":\"https:\\\/\\\/dentoss-ks.com\\\/\",\"name\":\"Klinika DENTOSS\",\"description\":\"A better life through better dentistry\",\"publisher\":{\"@id\":\"https:\\\/\\\/dentoss-ks.com\\\/#organization\"},\"potentialAction\":[{\"@type\":\"SearchAction\",\"target\":{\"@type\":\"EntryPoint\",\"urlTemplate\":\"https:\\\/\\\/dentoss-ks.com\\\/?s={search_term_string}\"},\"query-input\":{\"@type\":\"PropertyValueSpecification\",\"valueRequired\":true,\"valueName\":\"search_term_string\"}}],\"inLanguage\":\"sq\"},{\"@type\":\"Organization\",\"@id\":\"https:\\\/\\\/dentoss-ks.com\\\/#organization\",\"name\":\"Klinika DENTOSS\",\"url\":\"https:\\\/\\\/dentoss-ks.com\\\/\",\"logo\":{\"@type\":\"ImageObject\",\"inLanguage\":\"sq\",\"@id\":\"https:\\\/\\\/dentoss-ks.com\\\/#\\\/schema\\\/logo\\\/image\\\/\",\"url\":\"https:\\\/\\\/dentoss-ks.com\\\/wp-content\\\/uploads\\\/2023\\\/12\\\/cropped-logo-with-text-for-contact-compressed.png\",\"contentUrl\":\"https:\\\/\\\/dentoss-ks.com\\\/wp-content\\\/uploads\\\/2023\\\/12\\\/cropped-logo-with-text-for-contact-compressed.png\",\"width\":512,\"height\":512,\"caption\":\"Klinika DENTOSS\"},\"image\":{\"@id\":\"https:\\\/\\\/dentoss-ks.com\\\/#\\\/schema\\\/logo\\\/image\\\/\"},\"sameAs\":[\"https:\\\/\\\/www.facebook.com\\\/dentoss.clinic\",\"https:\\\/\\\/www.instagram.com\\\/dentoss.clinic\\\/\"]}]}<\/script>\n<!-- \/ Yoast SEO plugin. -->","yoast_head_json":{"title":"Proteza | Trajtimet | Klinika DENTOSS","robots":{"index":"index","follow":"follow","max-snippet":"max-snippet:-1","max-image-preview":"max-image-preview:large","max-video-preview":"max-video-preview:-1"},"canonical":"https:\/\/dentoss-ks.com\/sq\/proteza\/","og_locale":"sq_AL","og_type":"article","og_title":"Proteza | Trajtimet | Klinika DENTOSS","og_description":"\u00a0 Trajtimet PROTEZA R\u00ebnd\u00ebsia e protezave n\u00eb fush\u00ebn e stomatologjis\u00eb \u00ebsht\u00eb v\u00ebrtet e madhe. Sot, protezat jan\u00eb nj\u00eb nga zgjidhjet m\u00eb t\u00eb mira p\u00ebr plot\u00ebsimin e nevojave dhe d\u00ebshir\u00ebn e nj\u00eb personi p\u00ebr t\u00eb patur nj\u00eb buz\u00ebqeshje t\u00eb bukur. P\u00ebrdoren te pacient\u00ebt e moshuar q\u00eb nuk kan\u00eb nj\u00eb num\u00ebr t\u00eb caktuar dh\u00ebmb\u00ebsh, madje edhe tek [&hellip;]","og_url":"https:\/\/dentoss-ks.com\/sq\/proteza\/","og_site_name":"DENTOSS Clinic","article_publisher":"https:\/\/www.facebook.com\/dentoss.clinic","article_modified_time":"2023-12-14T10:41:56+00:00","og_image":[{"url":"https:\/\/dentoss-ks.com\/wp-content\/uploads\/2023\/12\/dentures.png","type":"","width":"","height":""}],"twitter_card":"summary_large_image","twitter_misc":{"Est. reading time":"2 minuta"},"schema":{"@context":"https:\/\/schema.org","@graph":[{"@type":"WebPage","@id":"https:\/\/dentoss-ks.com\/proteza\/","url":"https:\/\/dentoss-ks.com\/proteza\/","name":"Proteza | Trajtimet | Klinika DENTOSS","isPartOf":{"@id":"https:\/\/dentoss-ks.com\/#website"},"primaryImageOfPage":{"@id":"https:\/\/dentoss-ks.com\/proteza\/#primaryimage"},"image":{"@id":"https:\/\/dentoss-ks.com\/proteza\/#primaryimage"},"thumbnailUrl":"https:\/\/dentoss-ks.com\/wp-content\/uploads\/2023\/12\/dentures.png","datePublished":"2023-12-10T13:59:25+00:00","dateModified":"2023-12-14T10:41:56+00:00","breadcrumb":{"@id":"https:\/\/dentoss-ks.com\/proteza\/#breadcrumb"},"inLanguage":"sq","potentialAction":[{"@type":"ReadAction","target":["https:\/\/dentoss-ks.com\/proteza\/"]}]},{"@type":"ImageObject","inLanguage":"sq","@id":"https:\/\/dentoss-ks.com\/proteza\/#primaryimage","url":"https:\/\/dentoss-ks.com\/wp-content\/uploads\/2023\/12\/dentures.png","contentUrl":"https:\/\/dentoss-ks.com\/wp-content\/uploads\/2023\/12\/dentures.png"},{"@type":"BreadcrumbList","@id":"https:\/\/dentoss-ks.com\/proteza\/#breadcrumb","itemListElement":[{"@type":"ListItem","position":1,"name":"Home","item":"https:\/\/dentoss-ks.com\/"},{"@type":"ListItem","position":2,"name":"Proteza"}]},{"@type":"WebSite","@id":"https:\/\/dentoss-ks.com\/#website","url":"https:\/\/dentoss-ks.com\/","name":"Klinika DENTOSS","description":"A better life through better dentistry","publisher":{"@id":"https:\/\/dentoss-ks.com\/#organization"},"potentialAction":[{"@type":"SearchAction","target":{"@type":"EntryPoint","urlTemplate":"https:\/\/dentoss-ks.com\/?s={search_term_string}"},"query-input":{"@type":"PropertyValueSpecification","valueRequired":true,"valueName":"search_term_string"}}],"inLanguage":"sq"},{"@type":"Organization","@id":"https:\/\/dentoss-ks.com\/#organization","name":"Klinika DENTOSS","url":"https:\/\/dentoss-ks.com\/","logo":{"@type":"ImageObject","inLanguage":"sq","@id":"https:\/\/dentoss-ks.com\/#\/schema\/logo\/image\/","url":"https:\/\/dentoss-ks.com\/wp-content\/uploads\/2023\/12\/cropped-logo-with-text-for-contact-compressed.png","contentUrl":"https:\/\/dentoss-ks.com\/wp-content\/uploads\/2023\/12\/cropped-logo-with-text-for-contact-compressed.png","width":512,"height":512,"caption":"Klinika DENTOSS"},"image":{"@id":"https:\/\/dentoss-ks.com\/#\/schema\/logo\/image\/"},"sameAs":["https:\/\/www.facebook.com\/dentoss.clinic","https:\/\/www.instagram.com\/dentoss.clinic\/"]}]}},"_links":{"self":[{"href":"https:\/\/dentoss-ks.com\/sq\/wp-json\/wp\/v2\/pages\/132","targetHints":{"allow":["GET"]}}],"collection":[{"href":"https:\/\/dentoss-ks.com\/sq\/wp-json\/wp\/v2\/pages"}],"about":[{"href":"https:\/\/dentoss-ks.com\/sq\/wp-json\/wp\/v2\/types\/page"}],"author":[{"embeddable":true,"href":"https:\/\/dentoss-ks.com\/sq\/wp-json\/wp\/v2\/users\/1"}],"replies":[{"embeddable":true,"href":"https:\/\/dentoss-ks.com\/sq\/wp-json\/wp\/v2\/comments?post=132"}],"version-history":[{"count":15,"href":"https:\/\/dentoss-ks.com\/sq\/wp-json\/wp\/v2\/pages\/132\/revisions"}],"predecessor-version":[{"id":1658,"href":"https:\/\/dentoss-ks.com\/sq\/wp-json\/wp\/v2\/pages\/132\/revisions\/1658"}],"wp:attachment":[{"href":"https:\/\/dentoss-ks.com\/sq\/wp-json\/wp\/v2\/media?parent=132"}],"curies":[{"name":"wp","href":"https:\/\/api.w.org\/{rel}","templated":true}]}}