{"id":73,"date":"2023-12-10T03:32:41","date_gmt":"2023-12-10T03:32:41","guid":{"rendered":"https:\/\/dentoss-ks.com\/?page_id=73"},"modified":"2023-12-14T10:30:16","modified_gmt":"2023-12-14T10:30:16","slug":"endodoncion","status":"publish","type":"page","link":"https:\/\/dentoss-ks.com\/sq\/endodoncion\/","title":{"rendered":"Endodoncion"},"content":{"rendered":"<div data-elementor-type=\"wp-page\" data-elementor-id=\"73\" class=\"elementor elementor-73\">\n\t\t\t\t<div class=\"elementor-element elementor-element-db4604d e-flex e-con-boxed e-con e-parent\" data-id=\"db4604d\" data-element_type=\"container\" data-e-type=\"container\">\n\t\t\t\t\t<div class=\"e-con-inner\">\n\t\t\t\t<div class=\"elementor-element elementor-element-e081903 elementor-widget__width-auto elementor-view-default elementor-widget elementor-widget-icon\" data-id=\"e081903\" data-element_type=\"widget\" data-e-type=\"widget\" data-settings=\"{&quot;ekit_we_effect_on&quot;:&quot;none&quot;}\" data-widget_type=\"icon.default\">\n\t\t\t\t<div class=\"elementor-widget-container\">\n\t\t\t\t\t\t\t<div class=\"elementor-icon-wrapper\">\n\t\t\t<a class=\"elementor-icon\" href=\"https:\/\/dentoss-ks.com\/sq\/#services\">\n\t\t\t<svg aria-hidden=\"true\" class=\"e-font-icon-svg e-fas-arrow-left\" viewbox=\"0 0 448 512\" xmlns=\"http:\/\/www.w3.org\/2000\/svg\"><path d=\"M257.5 445.1l-22.2 22.2c-9.4 9.4-24.6 9.4-33.9 0L7 273c-9.4-9.4-9.4-24.6 0-33.9L201.4 44.7c9.4-9.4 24.6-9.4 33.9 0l22.2 22.2c9.5 9.5 9.3 25-.4 34.3L136.6 216H424c13.3 0 24 10.7 24 24v32c0 13.3-10.7 24-24 24H136.6l120.5 114.8c9.8 9.3 10 24.8.4 34.3z\"><\/path><\/svg>\t\t\t<\/a>\n\t\t<\/div>\n\t\t\t\t\t\t<\/div>\n\t\t\t\t<\/div>\n\t\t\t\t<div class=\"elementor-element elementor-element-5b8410c elementor-widget elementor-widget-heading\" data-id=\"5b8410c\" data-element_type=\"widget\" data-e-type=\"widget\" data-settings=\"{&quot;ekit_we_effect_on&quot;:&quot;none&quot;}\" data-widget_type=\"heading.default\">\n\t\t\t\t<div class=\"elementor-widget-container\">\n\t\t\t\t\t<h2 class=\"elementor-heading-title elementor-size-default\"><a href=\"https:\/\/dentoss-ks.com\/sq\/#services\">Trajtimet<\/a><\/h2>\t\t\t\t<\/div>\n\t\t\t\t<\/div>\n\t\t\t\t\t<\/div>\n\t\t\t\t<\/div>\n\t\t<div class=\"elementor-element elementor-element-813f1ce e-flex e-con-boxed e-con e-parent\" data-id=\"813f1ce\" data-element_type=\"container\" data-e-type=\"container\">\n\t\t\t\t\t<div class=\"e-con-inner\">\n\t\t<div class=\"elementor-element elementor-element-e9e38c1 e-con-full e-flex e-con e-child\" data-id=\"e9e38c1\" data-element_type=\"container\" data-e-type=\"container\">\n\t\t\t\t<div class=\"elementor-element elementor-element-7cb2522 elementor-widget elementor-widget-image\" data-id=\"7cb2522\" data-element_type=\"widget\" data-e-type=\"widget\" data-settings=\"{&quot;ekit_we_effect_on&quot;:&quot;none&quot;}\" data-widget_type=\"image.default\">\n\t\t\t\t<div class=\"elementor-widget-container\">\n\t\t\t\t\t\t\t\t\t\t\t\t\t\t\t<img fetchpriority=\"high\" decoding=\"async\" width=\"500\" height=\"500\" src=\"https:\/\/dentoss-ks.com\/wp-content\/uploads\/2023\/12\/endodontics.png\" class=\"attachment-large size-large wp-image-77\" alt=\"\" srcset=\"https:\/\/dentoss-ks.com\/wp-content\/uploads\/2023\/12\/endodontics.png 500w, https:\/\/dentoss-ks.com\/wp-content\/uploads\/2023\/12\/endodontics-300x300.png 300w, https:\/\/dentoss-ks.com\/wp-content\/uploads\/2023\/12\/endodontics-150x150.png 150w\" sizes=\"(max-width: 500px) 100vw, 500px\" \/>\t\t\t\t\t\t\t\t\t\t\t\t\t\t\t<\/div>\n\t\t\t\t<\/div>\n\t\t\t\t<div class=\"elementor-element elementor-element-604655e elementor-widget-divider--view-line elementor-widget elementor-widget-divider\" data-id=\"604655e\" data-element_type=\"widget\" data-e-type=\"widget\" data-settings=\"{&quot;ekit_we_effect_on&quot;:&quot;none&quot;}\" data-widget_type=\"divider.default\">\n\t\t\t\t<div class=\"elementor-widget-container\">\n\t\t\t\t\t\t\t<div class=\"elementor-divider\">\n\t\t\t<span class=\"elementor-divider-separator\">\n\t\t\t\t\t\t<\/span>\n\t\t<\/div>\n\t\t\t\t\t\t<\/div>\n\t\t\t\t<\/div>\n\t\t\t\t<div class=\"elementor-element elementor-element-7b709cc elementor-widget elementor-widget-heading\" data-id=\"7b709cc\" data-element_type=\"widget\" data-e-type=\"widget\" data-settings=\"{&quot;ekit_we_effect_on&quot;:&quot;none&quot;}\" data-widget_type=\"heading.default\">\n\t\t\t\t<div class=\"elementor-widget-container\">\n\t\t\t\t\t<h2 class=\"elementor-heading-title elementor-size-default\">ENDODONCION<\/h2>\t\t\t\t<\/div>\n\t\t\t\t<\/div>\n\t\t\t\t<div class=\"elementor-element elementor-element-96712b1 elementor-widget elementor-widget-text-editor\" data-id=\"96712b1\" data-element_type=\"widget\" data-e-type=\"widget\" data-settings=\"{&quot;ekit_we_effect_on&quot;:&quot;none&quot;}\" data-widget_type=\"text-editor.default\">\n\t\t\t\t<div class=\"elementor-widget-container\">\n\t\t\t\t\t\t\t\t\t<p><span class=\"OYPEnA text-decoration-none text-strikethrough-none\">Endodoncia \u00ebsht\u00eb nj\u00eb disiplin\u00eb dentare q\u00eb merret me studimin dhe rehabilitimin e s\u00ebmundjeve dhe d\u00ebmtimeve t\u00eb brendshme t\u00eb&nbsp; dh\u00ebmb\u00ebve. Pavar\u00ebsisht nga lloji i procesit patologjik, trajtimi endodontik p\u00ebrfshin\u00eb qasjen n\u00eb kanalin e rr\u00ebnj\u00ebs ose kanalet e dh\u00ebmbit t\u00eb s\u00ebmur\u00eb.<\/span><\/p>\n<p><span class=\"OYPEnA text-decoration-none text-strikethrough-none\">P\u00ebrb\u00ebrja, forma dhe s\u00ebmundjet e pulp\u00ebs dentare jan\u00eb fusha e endodoncis\u00eb, nj\u00eb nga deg\u00ebt e stomatologjis\u00eb. Kjo \u00ebsht\u00eb nj\u00eb procedur\u00eb mikrokirurgjike q\u00eb synon sh\u00ebrimin dhe ruajtjen e indeve t\u00eb dh\u00ebmb\u00ebve. Shkaku m\u00eb i zakonsh\u00ebm i inflamacionit t\u00eb pulp\u00ebs s\u00eb dh\u00ebmb\u00ebve \u00ebsht\u00eb i njohur p\u00ebr t\u00eb gjith\u00eb &#8211; kariesi. Prishja e avancuar e dh\u00ebmb\u00ebve \u00e7on n\u00eb inflamacion dhe shkat\u00ebrrim t\u00eb indeve t\u00eb dh\u00ebmb\u00ebve dhe p\u00ebrfundimisht \u00e7on n\u00eb inflamacion t\u00eb nervit.<\/span><\/p>\t\t\t\t\t\t\t\t<\/div>\n\t\t\t\t<\/div>\n\t\t\t\t<\/div>\n\t\t<div class=\"elementor-element elementor-element-916842f e-con-full e-flex e-con e-child\" data-id=\"916842f\" data-element_type=\"container\" data-e-type=\"container\">\n\t\t\t\t<div class=\"elementor-element elementor-element-42af1c8 elementor-widget elementor-widget-text-editor\" data-id=\"42af1c8\" data-element_type=\"widget\" data-e-type=\"widget\" data-settings=\"{&quot;ekit_we_effect_on&quot;:&quot;none&quot;}\" data-widget_type=\"text-editor.default\">\n\t\t\t\t<div class=\"elementor-widget-container\">\n\t\t\t\t\t\t\t\t\t<p><span class=\"OYPEnA text-decoration-none text-strikethrough-none\">Kariesi \u00ebsht\u00eb nj\u00eb nga s\u00ebmundjet m\u00eb t\u00eb zakonshme t\u00eb dh\u00ebmb\u00ebve; Dh\u00ebmb\u00ebt e prekur nga kariesi jan\u00eb t\u00eb ndjesh\u00ebm ndaj &#8220;perkusionit&#8221; (ose goditjes), dhe dhimbja q\u00eb shfaqet mund t\u00eb jet\u00eb e llojeve t\u00eb ndryshme (t\u00eb gjata ose t\u00eb shkurtra, t\u00eb mprehta ose pulsuese) dhe ndonj\u00ebher\u00eb shoq\u00ebrohet me procese inflamatore n\u00eb indin rrethues t\u00eb dh\u00ebmbit. . Dhimbja si simptom\u00eb shfaqet vet\u00ebm kur kariesi fillon t\u00eb k\u00ebrc\u00ebnoj\u00eb nervin, pra i p\u00ebrket simptomave t\u00eb vona. Endodoncia p\u00ebrfshin diagnostikimin e sakt\u00eb, por edhe pastrimin e indeve t\u00eb infektuara, pastrimin e kanaleve t\u00eb inflamuara dhe trajtimin &#8211; p\u00ebr t\u00eb p\u00ebrfunduar procesin ose me mbushje ose me lloje t\u00eb tjera restaurimesh, n\u00eb var\u00ebsi t\u00eb d\u00ebmtimit t\u00eb b\u00ebr\u00eb. Endodoncia adekuate dhe korrekte mbron dhe ruan dh\u00ebmb\u00ebt nga d\u00ebmtimi i m\u00ebtejsh\u00ebm, inflamacioni dhe prishja.<\/span><br><\/p>\t\t\t\t\t\t\t\t<\/div>\n\t\t\t\t<\/div>\n\t\t\t\t<div class=\"elementor-element elementor-element-6e30817 elementor-widget elementor-widget-video\" data-id=\"6e30817\" data-element_type=\"widget\" data-e-type=\"widget\" data-settings=\"{&quot;video_type&quot;:&quot;hosted&quot;,&quot;autoplay&quot;:&quot;yes&quot;,&quot;play_on_mobile&quot;:&quot;yes&quot;,&quot;mute&quot;:&quot;yes&quot;,&quot;loop&quot;:&quot;yes&quot;,&quot;ekit_we_effect_on&quot;:&quot;none&quot;}\" data-widget_type=\"video.default\">\n\t\t\t\t<div class=\"elementor-widget-container\">\n\t\t\t\t\t\t\t<div class=\"e-hosted-video elementor-wrapper elementor-open-inline\">\n\t\t\t\t\t<video class=\"elementor-video\" src=\"https:\/\/dentoss-ks.com\/wp-content\/uploads\/2023\/12\/ENDO-VIDEOT-PER-SERVICES-Compressed.mp4\" autoplay=\"\" loop=\"\" muted=\"muted\" playsinline=\"\" controlslist=\"nodownload\"><\/video>\n\t\t\t\t<\/div>\n\t\t\t\t\t\t<\/div>\n\t\t\t\t<\/div>\n\t\t\t\t<\/div>\n\t\t\t\t\t<\/div>\n\t\t\t\t<\/div>\n\t\t\t\t<\/div>","protected":false},"excerpt":{"rendered":"<p>\u00a0 Trajtimet ENDODONCION Endodoncia \u00ebsht\u00eb nj\u00eb disiplin\u00eb dentare q\u00eb merret me studimin dhe rehabilitimin e s\u00ebmundjeve dhe d\u00ebmtimeve t\u00eb brendshme t\u00eb\u00a0 dh\u00ebmb\u00ebve. Pavar\u00ebsisht nga lloji i procesit patologjik, trajtimi endodontik p\u00ebrfshin\u00eb qasjen n\u00eb kanalin e rr\u00ebnj\u00ebs ose kanalet e dh\u00ebmbit t\u00eb s\u00ebmur\u00eb. P\u00ebrb\u00ebrja, forma dhe s\u00ebmundjet e pulp\u00ebs dentare jan\u00eb fusha e endodoncis\u00eb, nj\u00eb nga [&hellip;]<\/p>\n","protected":false},"author":1,"featured_media":0,"parent":0,"menu_order":0,"comment_status":"closed","ping_status":"closed","template":"elementor_header_footer","meta":{"site-sidebar-layout":"no-sidebar","site-content-layout":"","ast-site-content-layout":"full-width-container","site-content-style":"default","site-sidebar-style":"default","ast-global-header-display":"","ast-banner-title-visibility":"","ast-main-header-display":"","ast-hfb-above-header-display":"","ast-hfb-below-header-display":"","ast-hfb-mobile-header-display":"","site-post-title":"disabled","ast-breadcrumbs-content":"","ast-featured-img":"disabled","footer-sml-layout":"","ast-disable-related-posts":"","theme-transparent-header-meta":"default","adv-header-id-meta":"","stick-header-meta":"","header-above-stick-meta":"","header-main-stick-meta":"","header-below-stick-meta":"","astra-migrate-meta-layouts":"set","ast-page-background-enabled":"default","ast-page-background-meta":{"desktop":{"background-color":"var(--ast-global-color-4)","background-image":"","background-repeat":"repeat","background-position":"center center","background-size":"auto","background-attachment":"scroll","background-type":"","background-media":"","overlay-type":"","overlay-color":"","overlay-opacity":"","overlay-gradient":""},"tablet":{"background-color":"","background-image":"","background-repeat":"repeat","background-position":"center center","background-size":"auto","background-attachment":"scroll","background-type":"","background-media":"","overlay-type":"","overlay-color":"","overlay-opacity":"","overlay-gradient":""},"mobile":{"background-color":"","background-image":"","background-repeat":"repeat","background-position":"center center","background-size":"auto","background-attachment":"scroll","background-type":"","background-media":"","overlay-type":"","overlay-color":"","overlay-opacity":"","overlay-gradient":""}},"ast-content-background-meta":{"desktop":{"background-color":"var(--ast-global-color-5)","background-image":"","background-repeat":"repeat","background-position":"center center","background-size":"auto","background-attachment":"scroll","background-type":"","background-media":"","overlay-type":"","overlay-color":"","overlay-opacity":"","overlay-gradient":""},"tablet":{"background-color":"var(--ast-global-color-5)","background-image":"","background-repeat":"repeat","background-position":"center center","background-size":"auto","background-attachment":"scroll","background-type":"","background-media":"","overlay-type":"","overlay-color":"","overlay-opacity":"","overlay-gradient":""},"mobile":{"background-color":"var(--ast-global-color-5)","background-image":"","background-repeat":"repeat","background-position":"center center","background-size":"auto","background-attachment":"scroll","background-type":"","background-media":"","overlay-type":"","overlay-color":"","overlay-opacity":"","overlay-gradient":""}},"footnotes":""},"class_list":["post-73","page","type-page","status-publish","hentry"],"yoast_head":"<!-- This site is optimized with the Yoast SEO plugin v27.5 - https:\/\/yoast.com\/product\/yoast-seo-wordpress\/ -->\n<title>Endodoncion | Trajtimet | Klinika DENTOSS<\/title>\n<meta name=\"robots\" content=\"index, follow, max-snippet:-1, max-image-preview:large, max-video-preview:-1\" \/>\n<link rel=\"canonical\" href=\"https:\/\/dentoss-ks.com\/sq\/endodoncion\/\" \/>\n<meta property=\"og:locale\" content=\"sq_AL\" \/>\n<meta property=\"og:type\" content=\"article\" \/>\n<meta property=\"og:title\" content=\"Endodoncion | Trajtimet | Klinika DENTOSS\" \/>\n<meta property=\"og:description\" content=\"\u00a0 Trajtimet ENDODONCION Endodoncia \u00ebsht\u00eb nj\u00eb disiplin\u00eb dentare q\u00eb merret me studimin dhe rehabilitimin e s\u00ebmundjeve dhe d\u00ebmtimeve t\u00eb brendshme t\u00eb\u00a0 dh\u00ebmb\u00ebve. Pavar\u00ebsisht nga lloji i procesit patologjik, trajtimi endodontik p\u00ebrfshin\u00eb qasjen n\u00eb kanalin e rr\u00ebnj\u00ebs ose kanalet e dh\u00ebmbit t\u00eb s\u00ebmur\u00eb. P\u00ebrb\u00ebrja, forma dhe s\u00ebmundjet e pulp\u00ebs dentare jan\u00eb fusha e endodoncis\u00eb, nj\u00eb nga [&hellip;]\" \/>\n<meta property=\"og:url\" content=\"https:\/\/dentoss-ks.com\/sq\/endodoncion\/\" \/>\n<meta property=\"og:site_name\" content=\"DENTOSS Clinic\" \/>\n<meta property=\"article:publisher\" content=\"https:\/\/www.facebook.com\/dentoss.clinic\" \/>\n<meta property=\"article:modified_time\" content=\"2023-12-14T10:30:16+00:00\" \/>\n<meta property=\"og:image\" content=\"https:\/\/dentoss-ks.com\/wp-content\/uploads\/2023\/12\/endodontics.png\" \/>\n<meta name=\"twitter:card\" content=\"summary_large_image\" \/>\n<meta name=\"twitter:label1\" content=\"Est. reading time\" \/>\n\t<meta name=\"twitter:data1\" content=\"2 minuta\" \/>\n<script type=\"application\/ld+json\" class=\"yoast-schema-graph\">{\"@context\":\"https:\\\/\\\/schema.org\",\"@graph\":[{\"@type\":\"WebPage\",\"@id\":\"https:\\\/\\\/dentoss-ks.com\\\/endodoncion\\\/\",\"url\":\"https:\\\/\\\/dentoss-ks.com\\\/endodoncion\\\/\",\"name\":\"Endodoncion | Trajtimet | Klinika DENTOSS\",\"isPartOf\":{\"@id\":\"https:\\\/\\\/dentoss-ks.com\\\/#website\"},\"primaryImageOfPage\":{\"@id\":\"https:\\\/\\\/dentoss-ks.com\\\/endodoncion\\\/#primaryimage\"},\"image\":{\"@id\":\"https:\\\/\\\/dentoss-ks.com\\\/endodoncion\\\/#primaryimage\"},\"thumbnailUrl\":\"https:\\\/\\\/dentoss-ks.com\\\/wp-content\\\/uploads\\\/2023\\\/12\\\/endodontics.png\",\"datePublished\":\"2023-12-10T03:32:41+00:00\",\"dateModified\":\"2023-12-14T10:30:16+00:00\",\"breadcrumb\":{\"@id\":\"https:\\\/\\\/dentoss-ks.com\\\/endodoncion\\\/#breadcrumb\"},\"inLanguage\":\"sq\",\"potentialAction\":[{\"@type\":\"ReadAction\",\"target\":[\"https:\\\/\\\/dentoss-ks.com\\\/endodoncion\\\/\"]}]},{\"@type\":\"ImageObject\",\"inLanguage\":\"sq\",\"@id\":\"https:\\\/\\\/dentoss-ks.com\\\/endodoncion\\\/#primaryimage\",\"url\":\"https:\\\/\\\/dentoss-ks.com\\\/wp-content\\\/uploads\\\/2023\\\/12\\\/endodontics.png\",\"contentUrl\":\"https:\\\/\\\/dentoss-ks.com\\\/wp-content\\\/uploads\\\/2023\\\/12\\\/endodontics.png\"},{\"@type\":\"BreadcrumbList\",\"@id\":\"https:\\\/\\\/dentoss-ks.com\\\/endodoncion\\\/#breadcrumb\",\"itemListElement\":[{\"@type\":\"ListItem\",\"position\":1,\"name\":\"Home\",\"item\":\"https:\\\/\\\/dentoss-ks.com\\\/\"},{\"@type\":\"ListItem\",\"position\":2,\"name\":\"Endodoncion\"}]},{\"@type\":\"WebSite\",\"@id\":\"https:\\\/\\\/dentoss-ks.com\\\/#website\",\"url\":\"https:\\\/\\\/dentoss-ks.com\\\/\",\"name\":\"Klinika DENTOSS\",\"description\":\"A better life through better dentistry\",\"publisher\":{\"@id\":\"https:\\\/\\\/dentoss-ks.com\\\/#organization\"},\"potentialAction\":[{\"@type\":\"SearchAction\",\"target\":{\"@type\":\"EntryPoint\",\"urlTemplate\":\"https:\\\/\\\/dentoss-ks.com\\\/?s={search_term_string}\"},\"query-input\":{\"@type\":\"PropertyValueSpecification\",\"valueRequired\":true,\"valueName\":\"search_term_string\"}}],\"inLanguage\":\"sq\"},{\"@type\":\"Organization\",\"@id\":\"https:\\\/\\\/dentoss-ks.com\\\/#organization\",\"name\":\"Klinika DENTOSS\",\"url\":\"https:\\\/\\\/dentoss-ks.com\\\/\",\"logo\":{\"@type\":\"ImageObject\",\"inLanguage\":\"sq\",\"@id\":\"https:\\\/\\\/dentoss-ks.com\\\/#\\\/schema\\\/logo\\\/image\\\/\",\"url\":\"https:\\\/\\\/dentoss-ks.com\\\/wp-content\\\/uploads\\\/2023\\\/12\\\/cropped-logo-with-text-for-contact-compressed.png\",\"contentUrl\":\"https:\\\/\\\/dentoss-ks.com\\\/wp-content\\\/uploads\\\/2023\\\/12\\\/cropped-logo-with-text-for-contact-compressed.png\",\"width\":512,\"height\":512,\"caption\":\"Klinika DENTOSS\"},\"image\":{\"@id\":\"https:\\\/\\\/dentoss-ks.com\\\/#\\\/schema\\\/logo\\\/image\\\/\"},\"sameAs\":[\"https:\\\/\\\/www.facebook.com\\\/dentoss.clinic\",\"https:\\\/\\\/www.instagram.com\\\/dentoss.clinic\\\/\"]}]}<\/script>\n<!-- \/ Yoast SEO plugin. -->","yoast_head_json":{"title":"Endodoncion | Trajtimet | Klinika DENTOSS","robots":{"index":"index","follow":"follow","max-snippet":"max-snippet:-1","max-image-preview":"max-image-preview:large","max-video-preview":"max-video-preview:-1"},"canonical":"https:\/\/dentoss-ks.com\/sq\/endodoncion\/","og_locale":"sq_AL","og_type":"article","og_title":"Endodoncion | Trajtimet | Klinika DENTOSS","og_description":"\u00a0 Trajtimet ENDODONCION Endodoncia \u00ebsht\u00eb nj\u00eb disiplin\u00eb dentare q\u00eb merret me studimin dhe rehabilitimin e s\u00ebmundjeve dhe d\u00ebmtimeve t\u00eb brendshme t\u00eb\u00a0 dh\u00ebmb\u00ebve. Pavar\u00ebsisht nga lloji i procesit patologjik, trajtimi endodontik p\u00ebrfshin\u00eb qasjen n\u00eb kanalin e rr\u00ebnj\u00ebs ose kanalet e dh\u00ebmbit t\u00eb s\u00ebmur\u00eb. P\u00ebrb\u00ebrja, forma dhe s\u00ebmundjet e pulp\u00ebs dentare jan\u00eb fusha e endodoncis\u00eb, nj\u00eb nga [&hellip;]","og_url":"https:\/\/dentoss-ks.com\/sq\/endodoncion\/","og_site_name":"DENTOSS Clinic","article_publisher":"https:\/\/www.facebook.com\/dentoss.clinic","article_modified_time":"2023-12-14T10:30:16+00:00","og_image":[{"url":"https:\/\/dentoss-ks.com\/wp-content\/uploads\/2023\/12\/endodontics.png","type":"","width":"","height":""}],"twitter_card":"summary_large_image","twitter_misc":{"Est. reading time":"2 minuta"},"schema":{"@context":"https:\/\/schema.org","@graph":[{"@type":"WebPage","@id":"https:\/\/dentoss-ks.com\/endodoncion\/","url":"https:\/\/dentoss-ks.com\/endodoncion\/","name":"Endodoncion | Trajtimet | Klinika DENTOSS","isPartOf":{"@id":"https:\/\/dentoss-ks.com\/#website"},"primaryImageOfPage":{"@id":"https:\/\/dentoss-ks.com\/endodoncion\/#primaryimage"},"image":{"@id":"https:\/\/dentoss-ks.com\/endodoncion\/#primaryimage"},"thumbnailUrl":"https:\/\/dentoss-ks.com\/wp-content\/uploads\/2023\/12\/endodontics.png","datePublished":"2023-12-10T03:32:41+00:00","dateModified":"2023-12-14T10:30:16+00:00","breadcrumb":{"@id":"https:\/\/dentoss-ks.com\/endodoncion\/#breadcrumb"},"inLanguage":"sq","potentialAction":[{"@type":"ReadAction","target":["https:\/\/dentoss-ks.com\/endodoncion\/"]}]},{"@type":"ImageObject","inLanguage":"sq","@id":"https:\/\/dentoss-ks.com\/endodoncion\/#primaryimage","url":"https:\/\/dentoss-ks.com\/wp-content\/uploads\/2023\/12\/endodontics.png","contentUrl":"https:\/\/dentoss-ks.com\/wp-content\/uploads\/2023\/12\/endodontics.png"},{"@type":"BreadcrumbList","@id":"https:\/\/dentoss-ks.com\/endodoncion\/#breadcrumb","itemListElement":[{"@type":"ListItem","position":1,"name":"Home","item":"https:\/\/dentoss-ks.com\/"},{"@type":"ListItem","position":2,"name":"Endodoncion"}]},{"@type":"WebSite","@id":"https:\/\/dentoss-ks.com\/#website","url":"https:\/\/dentoss-ks.com\/","name":"Klinika DENTOSS","description":"A better life through better dentistry","publisher":{"@id":"https:\/\/dentoss-ks.com\/#organization"},"potentialAction":[{"@type":"SearchAction","target":{"@type":"EntryPoint","urlTemplate":"https:\/\/dentoss-ks.com\/?s={search_term_string}"},"query-input":{"@type":"PropertyValueSpecification","valueRequired":true,"valueName":"search_term_string"}}],"inLanguage":"sq"},{"@type":"Organization","@id":"https:\/\/dentoss-ks.com\/#organization","name":"Klinika DENTOSS","url":"https:\/\/dentoss-ks.com\/","logo":{"@type":"ImageObject","inLanguage":"sq","@id":"https:\/\/dentoss-ks.com\/#\/schema\/logo\/image\/","url":"https:\/\/dentoss-ks.com\/wp-content\/uploads\/2023\/12\/cropped-logo-with-text-for-contact-compressed.png","contentUrl":"https:\/\/dentoss-ks.com\/wp-content\/uploads\/2023\/12\/cropped-logo-with-text-for-contact-compressed.png","width":512,"height":512,"caption":"Klinika DENTOSS"},"image":{"@id":"https:\/\/dentoss-ks.com\/#\/schema\/logo\/image\/"},"sameAs":["https:\/\/www.facebook.com\/dentoss.clinic","https:\/\/www.instagram.com\/dentoss.clinic\/"]}]}},"_links":{"self":[{"href":"https:\/\/dentoss-ks.com\/sq\/wp-json\/wp\/v2\/pages\/73","targetHints":{"allow":["GET"]}}],"collection":[{"href":"https:\/\/dentoss-ks.com\/sq\/wp-json\/wp\/v2\/pages"}],"about":[{"href":"https:\/\/dentoss-ks.com\/sq\/wp-json\/wp\/v2\/types\/page"}],"author":[{"embeddable":true,"href":"https:\/\/dentoss-ks.com\/sq\/wp-json\/wp\/v2\/users\/1"}],"replies":[{"embeddable":true,"href":"https:\/\/dentoss-ks.com\/sq\/wp-json\/wp\/v2\/comments?post=73"}],"version-history":[{"count":27,"href":"https:\/\/dentoss-ks.com\/sq\/wp-json\/wp\/v2\/pages\/73\/revisions"}],"predecessor-version":[{"id":1636,"href":"https:\/\/dentoss-ks.com\/sq\/wp-json\/wp\/v2\/pages\/73\/revisions\/1636"}],"wp:attachment":[{"href":"https:\/\/dentoss-ks.com\/sq\/wp-json\/wp\/v2\/media?parent=73"}],"curies":[{"name":"wp","href":"https:\/\/api.w.org\/{rel}","templated":true}]}}