{"id":90,"date":"2023-12-10T13:33:45","date_gmt":"2023-12-10T13:33:45","guid":{"rendered":"https:\/\/dentoss-ks.com\/?page_id=90"},"modified":"2023-12-14T10:34:13","modified_gmt":"2023-12-14T10:34:13","slug":"implantologji","status":"publish","type":"page","link":"https:\/\/dentoss-ks.com\/sq\/implantologji\/","title":{"rendered":"Implantologji"},"content":{"rendered":"<div data-elementor-type=\"wp-page\" data-elementor-id=\"90\" class=\"elementor elementor-90\">\n\t\t\t\t<div class=\"elementor-element elementor-element-130d4a6 e-flex e-con-boxed e-con e-parent\" data-id=\"130d4a6\" data-element_type=\"container\" data-e-type=\"container\">\n\t\t\t\t\t<div class=\"e-con-inner\">\n\t\t\t\t<div class=\"elementor-element elementor-element-499b1ee elementor-widget__width-auto elementor-view-default elementor-widget elementor-widget-icon\" data-id=\"499b1ee\" data-element_type=\"widget\" data-e-type=\"widget\" data-settings=\"{&quot;ekit_we_effect_on&quot;:&quot;none&quot;}\" data-widget_type=\"icon.default\">\n\t\t\t\t<div class=\"elementor-widget-container\">\n\t\t\t\t\t\t\t<div class=\"elementor-icon-wrapper\">\n\t\t\t<a class=\"elementor-icon\" href=\"https:\/\/dentoss-ks.com\/sq\/#services\">\n\t\t\t<svg aria-hidden=\"true\" class=\"e-font-icon-svg e-fas-arrow-left\" viewbox=\"0 0 448 512\" xmlns=\"http:\/\/www.w3.org\/2000\/svg\"><path d=\"M257.5 445.1l-22.2 22.2c-9.4 9.4-24.6 9.4-33.9 0L7 273c-9.4-9.4-9.4-24.6 0-33.9L201.4 44.7c9.4-9.4 24.6-9.4 33.9 0l22.2 22.2c9.5 9.5 9.3 25-.4 34.3L136.6 216H424c13.3 0 24 10.7 24 24v32c0 13.3-10.7 24-24 24H136.6l120.5 114.8c9.8 9.3 10 24.8.4 34.3z\"><\/path><\/svg>\t\t\t<\/a>\n\t\t<\/div>\n\t\t\t\t\t\t<\/div>\n\t\t\t\t<\/div>\n\t\t\t\t<div class=\"elementor-element elementor-element-083150a elementor-widget elementor-widget-heading\" data-id=\"083150a\" data-element_type=\"widget\" data-e-type=\"widget\" data-settings=\"{&quot;ekit_we_effect_on&quot;:&quot;none&quot;}\" data-widget_type=\"heading.default\">\n\t\t\t\t<div class=\"elementor-widget-container\">\n\t\t\t\t\t<h2 class=\"elementor-heading-title elementor-size-default\"><a href=\"https:\/\/dentoss-ks.com\/sq\/#services\">Trajtimet<\/a><\/h2>\t\t\t\t<\/div>\n\t\t\t\t<\/div>\n\t\t\t\t\t<\/div>\n\t\t\t\t<\/div>\n\t\t<div class=\"elementor-element elementor-element-e965146 e-flex e-con-boxed e-con e-parent\" data-id=\"e965146\" data-element_type=\"container\" data-e-type=\"container\">\n\t\t\t\t\t<div class=\"e-con-inner\">\n\t\t<div class=\"elementor-element elementor-element-f06b6a5 e-con-full e-flex e-con e-child\" data-id=\"f06b6a5\" data-element_type=\"container\" data-e-type=\"container\">\n\t\t\t\t<div class=\"elementor-element elementor-element-4bae68a elementor-widget elementor-widget-image\" data-id=\"4bae68a\" data-element_type=\"widget\" data-e-type=\"widget\" data-settings=\"{&quot;ekit_we_effect_on&quot;:&quot;none&quot;}\" data-widget_type=\"image.default\">\n\t\t\t\t<div class=\"elementor-widget-container\">\n\t\t\t\t\t\t\t\t\t\t\t\t\t\t\t<img fetchpriority=\"high\" decoding=\"async\" width=\"500\" height=\"500\" src=\"https:\/\/dentoss-ks.com\/wp-content\/uploads\/2023\/12\/https-dev.dentoss-ks.comwp-contentuploads202308implantology.png\" class=\"attachment-large size-large wp-image-96\" alt=\"\" srcset=\"https:\/\/dentoss-ks.com\/wp-content\/uploads\/2023\/12\/https-dev.dentoss-ks.comwp-contentuploads202308implantology.png 500w, https:\/\/dentoss-ks.com\/wp-content\/uploads\/2023\/12\/https-dev.dentoss-ks.comwp-contentuploads202308implantology-300x300.png 300w, https:\/\/dentoss-ks.com\/wp-content\/uploads\/2023\/12\/https-dev.dentoss-ks.comwp-contentuploads202308implantology-150x150.png 150w\" sizes=\"(max-width: 500px) 100vw, 500px\" \/>\t\t\t\t\t\t\t\t\t\t\t\t\t\t\t<\/div>\n\t\t\t\t<\/div>\n\t\t\t\t<div class=\"elementor-element elementor-element-7de2ff8 elementor-widget-divider--view-line elementor-widget elementor-widget-divider\" data-id=\"7de2ff8\" data-element_type=\"widget\" data-e-type=\"widget\" data-settings=\"{&quot;ekit_we_effect_on&quot;:&quot;none&quot;}\" data-widget_type=\"divider.default\">\n\t\t\t\t<div class=\"elementor-widget-container\">\n\t\t\t\t\t\t\t<div class=\"elementor-divider\">\n\t\t\t<span class=\"elementor-divider-separator\">\n\t\t\t\t\t\t<\/span>\n\t\t<\/div>\n\t\t\t\t\t\t<\/div>\n\t\t\t\t<\/div>\n\t\t\t\t<div class=\"elementor-element elementor-element-91152d4 elementor-widget elementor-widget-heading\" data-id=\"91152d4\" data-element_type=\"widget\" data-e-type=\"widget\" data-settings=\"{&quot;ekit_we_effect_on&quot;:&quot;none&quot;}\" data-widget_type=\"heading.default\">\n\t\t\t\t<div class=\"elementor-widget-container\">\n\t\t\t\t\t<h2 class=\"elementor-heading-title elementor-size-default\">Implantologji<\/h2>\t\t\t\t<\/div>\n\t\t\t\t<\/div>\n\t\t\t\t<div class=\"elementor-element elementor-element-34b027b elementor-widget elementor-widget-text-editor\" data-id=\"34b027b\" data-element_type=\"widget\" data-e-type=\"widget\" data-settings=\"{&quot;ekit_we_effect_on&quot;:&quot;none&quot;}\" data-widget_type=\"text-editor.default\">\n\t\t\t\t<div class=\"elementor-widget-container\">\n\t\t\t\t\t\t\t\t\t<p><span class=\"OYPEnA text-decoration-none text-strikethrough-none\">Implantet dentare konsiderohen si nj\u00eb nga p\u00ebrparimet m\u00eb t\u00eb m\u00ebdha n\u00eb stomatologji, p\u00ebr tridhjet\u00eb vjet ne i kemi konsideruar implantet dentare si &#8220;standardin e art\u00eb&#8221; kur b\u00ebhet fjal\u00eb p\u00ebr p\u00ebr z\u00ebvend\u00ebsimin e dh\u00ebmbit t\u00eb humbur. Vet\u00eb implanti dentar \u00ebsht\u00eb nj\u00eb lloj vide q\u00eb futet direkt n\u00eb kock\u00ebn e nofull\u00ebs dhe z\u00ebvend\u00ebson rr\u00ebnj\u00ebn e dh\u00ebmbit. Implantet dentare jan\u00eb b\u00ebr\u00eb kryesisht nga titaniumi, nj\u00eb metal q\u00eb ka veti t\u00eb shk\u00eblqyera dhe nuk shkakton irritim apo alergji. Titaniumi \u00ebsht\u00eb gjithashtu i ve\u00e7ant\u00eb sepse ka nj\u00eb shkall\u00eb t\u00eb lart\u00eb biokompatibiliteti, si dhe nj\u00eb predispozicion t\u00eb shk\u00eblqyesh\u00ebm p\u00ebr integrim me vet\u00eb kock\u00ebn.<\/span><\/p>\t\t\t\t\t\t\t\t<\/div>\n\t\t\t\t<\/div>\n\t\t\t\t<\/div>\n\t\t<div class=\"elementor-element elementor-element-c04b76c e-con-full e-flex e-con e-child\" data-id=\"c04b76c\" data-element_type=\"container\" data-e-type=\"container\">\n\t\t\t\t<div class=\"elementor-element elementor-element-3a6d659 elementor-widget elementor-widget-text-editor\" data-id=\"3a6d659\" data-element_type=\"widget\" data-e-type=\"widget\" data-settings=\"{&quot;ekit_we_effect_on&quot;:&quot;none&quot;}\" data-widget_type=\"text-editor.default\">\n\t\t\t\t<div class=\"elementor-widget-container\">\n\t\t\t\t\t\t\t\t\t<p><span class=\"OYPEnA text-decoration-none text-strikethrough-none\">Gjat\u00eb vendosjes s\u00eb implanteve dentare, klinika Dentoss ruan standardet m\u00eb t\u00eb larta bot\u00ebrore, duke p\u00ebrdorur materiale nga prodhues t\u00eb njohur bot\u00ebror. Zhvillimi i vazhduesh\u00ebm profesional n\u00eb fush\u00ebn e implantologjis\u00eb i kombinuar me standarde t\u00eb larta praktike do t\u00eb thot\u00eb q\u00eb ne do t&#8217;ju ofrojm\u00eb gjithmon\u00eb cil\u00ebsin\u00eb m\u00eb t\u00eb lart\u00eb t\u00eb sh\u00ebrbimeve implantologjike &#8211; nga regjistrimi i situat\u00ebs, k\u00ebshillimi dhe konsultimi, p\u00ebrmes vet\u00eb procedurave dhe vendosjes s\u00eb implanteve, deri te kontrollet. dhe k\u00ebshilla n\u00eb faz\u00ebn pas operacionit.<\/span><\/p>\t\t\t\t\t\t\t\t<\/div>\n\t\t\t\t<\/div>\n\t\t\t\t<div class=\"elementor-element elementor-element-cd01306 elementor-widget elementor-widget-video\" data-id=\"cd01306\" data-element_type=\"widget\" data-e-type=\"widget\" data-settings=\"{&quot;video_type&quot;:&quot;hosted&quot;,&quot;autoplay&quot;:&quot;yes&quot;,&quot;play_on_mobile&quot;:&quot;yes&quot;,&quot;mute&quot;:&quot;yes&quot;,&quot;loop&quot;:&quot;yes&quot;,&quot;ekit_we_effect_on&quot;:&quot;none&quot;}\" data-widget_type=\"video.default\">\n\t\t\t\t<div class=\"elementor-widget-container\">\n\t\t\t\t\t\t\t<div class=\"e-hosted-video elementor-wrapper elementor-open-inline\">\n\t\t\t\t\t<video class=\"elementor-video\" src=\"https:\/\/dentoss-ks.com\/wp-content\/uploads\/2023\/12\/IMPLANTOLOGY-Compressed.mp4\" autoplay=\"\" loop=\"\" muted=\"muted\" playsinline=\"\" controlslist=\"nodownload\"><\/video>\n\t\t\t\t<\/div>\n\t\t\t\t\t\t<\/div>\n\t\t\t\t<\/div>\n\t\t\t\t<\/div>\n\t\t\t\t\t<\/div>\n\t\t\t\t<\/div>\n\t\t\t\t<\/div>","protected":false},"excerpt":{"rendered":"<p>\u00a0 Trajtimet Implantologji Implantet dentare konsiderohen si nj\u00eb nga p\u00ebrparimet m\u00eb t\u00eb m\u00ebdha n\u00eb stomatologji, p\u00ebr tridhjet\u00eb vjet ne i kemi konsideruar implantet dentare si &#8220;standardin e art\u00eb&#8221; kur b\u00ebhet fjal\u00eb p\u00ebr p\u00ebr z\u00ebvend\u00ebsimin e dh\u00ebmbit t\u00eb humbur. Vet\u00eb implanti dentar \u00ebsht\u00eb nj\u00eb lloj vide q\u00eb futet direkt n\u00eb kock\u00ebn e nofull\u00ebs dhe z\u00ebvend\u00ebson rr\u00ebnj\u00ebn [&hellip;]<\/p>\n","protected":false},"author":1,"featured_media":0,"parent":0,"menu_order":0,"comment_status":"closed","ping_status":"closed","template":"elementor_header_footer","meta":{"site-sidebar-layout":"no-sidebar","site-content-layout":"","ast-site-content-layout":"full-width-container","site-content-style":"default","site-sidebar-style":"default","ast-global-header-display":"","ast-banner-title-visibility":"","ast-main-header-display":"","ast-hfb-above-header-display":"","ast-hfb-below-header-display":"","ast-hfb-mobile-header-display":"","site-post-title":"disabled","ast-breadcrumbs-content":"","ast-featured-img":"disabled","footer-sml-layout":"","ast-disable-related-posts":"","theme-transparent-header-meta":"default","adv-header-id-meta":"","stick-header-meta":"","header-above-stick-meta":"","header-main-stick-meta":"","header-below-stick-meta":"","astra-migrate-meta-layouts":"set","ast-page-background-enabled":"default","ast-page-background-meta":{"desktop":{"background-color":"var(--ast-global-color-4)","background-image":"","background-repeat":"repeat","background-position":"center center","background-size":"auto","background-attachment":"scroll","background-type":"","background-media":"","overlay-type":"","overlay-color":"","overlay-opacity":"","overlay-gradient":""},"tablet":{"background-color":"","background-image":"","background-repeat":"repeat","background-position":"center center","background-size":"auto","background-attachment":"scroll","background-type":"","background-media":"","overlay-type":"","overlay-color":"","overlay-opacity":"","overlay-gradient":""},"mobile":{"background-color":"","background-image":"","background-repeat":"repeat","background-position":"center center","background-size":"auto","background-attachment":"scroll","background-type":"","background-media":"","overlay-type":"","overlay-color":"","overlay-opacity":"","overlay-gradient":""}},"ast-content-background-meta":{"desktop":{"background-color":"var(--ast-global-color-5)","background-image":"","background-repeat":"repeat","background-position":"center center","background-size":"auto","background-attachment":"scroll","background-type":"","background-media":"","overlay-type":"","overlay-color":"","overlay-opacity":"","overlay-gradient":""},"tablet":{"background-color":"var(--ast-global-color-5)","background-image":"","background-repeat":"repeat","background-position":"center center","background-size":"auto","background-attachment":"scroll","background-type":"","background-media":"","overlay-type":"","overlay-color":"","overlay-opacity":"","overlay-gradient":""},"mobile":{"background-color":"var(--ast-global-color-5)","background-image":"","background-repeat":"repeat","background-position":"center center","background-size":"auto","background-attachment":"scroll","background-type":"","background-media":"","overlay-type":"","overlay-color":"","overlay-opacity":"","overlay-gradient":""}},"footnotes":""},"class_list":["post-90","page","type-page","status-publish","hentry"],"yoast_head":"<!-- This site is optimized with the Yoast SEO plugin v27.5 - https:\/\/yoast.com\/product\/yoast-seo-wordpress\/ -->\n<title>Implantologji | Trajtimet | Klinika DENTOSS<\/title>\n<meta name=\"robots\" content=\"index, follow, max-snippet:-1, max-image-preview:large, max-video-preview:-1\" \/>\n<link rel=\"canonical\" href=\"https:\/\/dentoss-ks.com\/sq\/implantologji\/\" \/>\n<meta property=\"og:locale\" content=\"sq_AL\" \/>\n<meta property=\"og:type\" content=\"article\" \/>\n<meta property=\"og:title\" content=\"Implantologji | Trajtimet | Klinika DENTOSS\" \/>\n<meta property=\"og:description\" content=\"\u00a0 Trajtimet Implantologji Implantet dentare konsiderohen si nj\u00eb nga p\u00ebrparimet m\u00eb t\u00eb m\u00ebdha n\u00eb stomatologji, p\u00ebr tridhjet\u00eb vjet ne i kemi konsideruar implantet dentare si &#8220;standardin e art\u00eb&#8221; kur b\u00ebhet fjal\u00eb p\u00ebr p\u00ebr z\u00ebvend\u00ebsimin e dh\u00ebmbit t\u00eb humbur. Vet\u00eb implanti dentar \u00ebsht\u00eb nj\u00eb lloj vide q\u00eb futet direkt n\u00eb kock\u00ebn e nofull\u00ebs dhe z\u00ebvend\u00ebson rr\u00ebnj\u00ebn [&hellip;]\" \/>\n<meta property=\"og:url\" content=\"https:\/\/dentoss-ks.com\/sq\/implantologji\/\" \/>\n<meta property=\"og:site_name\" content=\"DENTOSS Clinic\" \/>\n<meta property=\"article:publisher\" content=\"https:\/\/www.facebook.com\/dentoss.clinic\" \/>\n<meta property=\"article:modified_time\" content=\"2023-12-14T10:34:13+00:00\" \/>\n<meta property=\"og:image\" content=\"https:\/\/dentoss-ks.com\/wp-content\/uploads\/2023\/12\/https-dev.dentoss-ks.comwp-contentuploads202308implantology.png\" \/>\n<meta name=\"twitter:card\" content=\"summary_large_image\" \/>\n<meta name=\"twitter:label1\" content=\"Est. reading time\" \/>\n\t<meta name=\"twitter:data1\" content=\"1 minut\u00eb\" \/>\n<script type=\"application\/ld+json\" class=\"yoast-schema-graph\">{\"@context\":\"https:\\\/\\\/schema.org\",\"@graph\":[{\"@type\":\"WebPage\",\"@id\":\"https:\\\/\\\/dentoss-ks.com\\\/implantologji\\\/\",\"url\":\"https:\\\/\\\/dentoss-ks.com\\\/implantologji\\\/\",\"name\":\"Implantologji | Trajtimet | Klinika DENTOSS\",\"isPartOf\":{\"@id\":\"https:\\\/\\\/dentoss-ks.com\\\/#website\"},\"primaryImageOfPage\":{\"@id\":\"https:\\\/\\\/dentoss-ks.com\\\/implantologji\\\/#primaryimage\"},\"image\":{\"@id\":\"https:\\\/\\\/dentoss-ks.com\\\/implantologji\\\/#primaryimage\"},\"thumbnailUrl\":\"https:\\\/\\\/dentoss-ks.com\\\/wp-content\\\/uploads\\\/2023\\\/12\\\/https-dev.dentoss-ks.comwp-contentuploads202308implantology.png\",\"datePublished\":\"2023-12-10T13:33:45+00:00\",\"dateModified\":\"2023-12-14T10:34:13+00:00\",\"breadcrumb\":{\"@id\":\"https:\\\/\\\/dentoss-ks.com\\\/implantologji\\\/#breadcrumb\"},\"inLanguage\":\"sq\",\"potentialAction\":[{\"@type\":\"ReadAction\",\"target\":[\"https:\\\/\\\/dentoss-ks.com\\\/implantologji\\\/\"]}]},{\"@type\":\"ImageObject\",\"inLanguage\":\"sq\",\"@id\":\"https:\\\/\\\/dentoss-ks.com\\\/implantologji\\\/#primaryimage\",\"url\":\"https:\\\/\\\/dentoss-ks.com\\\/wp-content\\\/uploads\\\/2023\\\/12\\\/https-dev.dentoss-ks.comwp-contentuploads202308implantology.png\",\"contentUrl\":\"https:\\\/\\\/dentoss-ks.com\\\/wp-content\\\/uploads\\\/2023\\\/12\\\/https-dev.dentoss-ks.comwp-contentuploads202308implantology.png\"},{\"@type\":\"BreadcrumbList\",\"@id\":\"https:\\\/\\\/dentoss-ks.com\\\/implantologji\\\/#breadcrumb\",\"itemListElement\":[{\"@type\":\"ListItem\",\"position\":1,\"name\":\"Home\",\"item\":\"https:\\\/\\\/dentoss-ks.com\\\/\"},{\"@type\":\"ListItem\",\"position\":2,\"name\":\"Implantologji\"}]},{\"@type\":\"WebSite\",\"@id\":\"https:\\\/\\\/dentoss-ks.com\\\/#website\",\"url\":\"https:\\\/\\\/dentoss-ks.com\\\/\",\"name\":\"Klinika DENTOSS\",\"description\":\"A better life through better dentistry\",\"publisher\":{\"@id\":\"https:\\\/\\\/dentoss-ks.com\\\/#organization\"},\"potentialAction\":[{\"@type\":\"SearchAction\",\"target\":{\"@type\":\"EntryPoint\",\"urlTemplate\":\"https:\\\/\\\/dentoss-ks.com\\\/?s={search_term_string}\"},\"query-input\":{\"@type\":\"PropertyValueSpecification\",\"valueRequired\":true,\"valueName\":\"search_term_string\"}}],\"inLanguage\":\"sq\"},{\"@type\":\"Organization\",\"@id\":\"https:\\\/\\\/dentoss-ks.com\\\/#organization\",\"name\":\"Klinika DENTOSS\",\"url\":\"https:\\\/\\\/dentoss-ks.com\\\/\",\"logo\":{\"@type\":\"ImageObject\",\"inLanguage\":\"sq\",\"@id\":\"https:\\\/\\\/dentoss-ks.com\\\/#\\\/schema\\\/logo\\\/image\\\/\",\"url\":\"https:\\\/\\\/dentoss-ks.com\\\/wp-content\\\/uploads\\\/2023\\\/12\\\/cropped-logo-with-text-for-contact-compressed.png\",\"contentUrl\":\"https:\\\/\\\/dentoss-ks.com\\\/wp-content\\\/uploads\\\/2023\\\/12\\\/cropped-logo-with-text-for-contact-compressed.png\",\"width\":512,\"height\":512,\"caption\":\"Klinika DENTOSS\"},\"image\":{\"@id\":\"https:\\\/\\\/dentoss-ks.com\\\/#\\\/schema\\\/logo\\\/image\\\/\"},\"sameAs\":[\"https:\\\/\\\/www.facebook.com\\\/dentoss.clinic\",\"https:\\\/\\\/www.instagram.com\\\/dentoss.clinic\\\/\"]}]}<\/script>\n<!-- \/ Yoast SEO plugin. -->","yoast_head_json":{"title":"Implantologji | Trajtimet | Klinika DENTOSS","robots":{"index":"index","follow":"follow","max-snippet":"max-snippet:-1","max-image-preview":"max-image-preview:large","max-video-preview":"max-video-preview:-1"},"canonical":"https:\/\/dentoss-ks.com\/sq\/implantologji\/","og_locale":"sq_AL","og_type":"article","og_title":"Implantologji | Trajtimet | Klinika DENTOSS","og_description":"\u00a0 Trajtimet Implantologji Implantet dentare konsiderohen si nj\u00eb nga p\u00ebrparimet m\u00eb t\u00eb m\u00ebdha n\u00eb stomatologji, p\u00ebr tridhjet\u00eb vjet ne i kemi konsideruar implantet dentare si &#8220;standardin e art\u00eb&#8221; kur b\u00ebhet fjal\u00eb p\u00ebr p\u00ebr z\u00ebvend\u00ebsimin e dh\u00ebmbit t\u00eb humbur. Vet\u00eb implanti dentar \u00ebsht\u00eb nj\u00eb lloj vide q\u00eb futet direkt n\u00eb kock\u00ebn e nofull\u00ebs dhe z\u00ebvend\u00ebson rr\u00ebnj\u00ebn [&hellip;]","og_url":"https:\/\/dentoss-ks.com\/sq\/implantologji\/","og_site_name":"DENTOSS Clinic","article_publisher":"https:\/\/www.facebook.com\/dentoss.clinic","article_modified_time":"2023-12-14T10:34:13+00:00","og_image":[{"url":"https:\/\/dentoss-ks.com\/wp-content\/uploads\/2023\/12\/https-dev.dentoss-ks.comwp-contentuploads202308implantology.png","type":"","width":"","height":""}],"twitter_card":"summary_large_image","twitter_misc":{"Est. reading time":"1 minut\u00eb"},"schema":{"@context":"https:\/\/schema.org","@graph":[{"@type":"WebPage","@id":"https:\/\/dentoss-ks.com\/implantologji\/","url":"https:\/\/dentoss-ks.com\/implantologji\/","name":"Implantologji | Trajtimet | Klinika DENTOSS","isPartOf":{"@id":"https:\/\/dentoss-ks.com\/#website"},"primaryImageOfPage":{"@id":"https:\/\/dentoss-ks.com\/implantologji\/#primaryimage"},"image":{"@id":"https:\/\/dentoss-ks.com\/implantologji\/#primaryimage"},"thumbnailUrl":"https:\/\/dentoss-ks.com\/wp-content\/uploads\/2023\/12\/https-dev.dentoss-ks.comwp-contentuploads202308implantology.png","datePublished":"2023-12-10T13:33:45+00:00","dateModified":"2023-12-14T10:34:13+00:00","breadcrumb":{"@id":"https:\/\/dentoss-ks.com\/implantologji\/#breadcrumb"},"inLanguage":"sq","potentialAction":[{"@type":"ReadAction","target":["https:\/\/dentoss-ks.com\/implantologji\/"]}]},{"@type":"ImageObject","inLanguage":"sq","@id":"https:\/\/dentoss-ks.com\/implantologji\/#primaryimage","url":"https:\/\/dentoss-ks.com\/wp-content\/uploads\/2023\/12\/https-dev.dentoss-ks.comwp-contentuploads202308implantology.png","contentUrl":"https:\/\/dentoss-ks.com\/wp-content\/uploads\/2023\/12\/https-dev.dentoss-ks.comwp-contentuploads202308implantology.png"},{"@type":"BreadcrumbList","@id":"https:\/\/dentoss-ks.com\/implantologji\/#breadcrumb","itemListElement":[{"@type":"ListItem","position":1,"name":"Home","item":"https:\/\/dentoss-ks.com\/"},{"@type":"ListItem","position":2,"name":"Implantologji"}]},{"@type":"WebSite","@id":"https:\/\/dentoss-ks.com\/#website","url":"https:\/\/dentoss-ks.com\/","name":"Klinika DENTOSS","description":"A better life through better dentistry","publisher":{"@id":"https:\/\/dentoss-ks.com\/#organization"},"potentialAction":[{"@type":"SearchAction","target":{"@type":"EntryPoint","urlTemplate":"https:\/\/dentoss-ks.com\/?s={search_term_string}"},"query-input":{"@type":"PropertyValueSpecification","valueRequired":true,"valueName":"search_term_string"}}],"inLanguage":"sq"},{"@type":"Organization","@id":"https:\/\/dentoss-ks.com\/#organization","name":"Klinika DENTOSS","url":"https:\/\/dentoss-ks.com\/","logo":{"@type":"ImageObject","inLanguage":"sq","@id":"https:\/\/dentoss-ks.com\/#\/schema\/logo\/image\/","url":"https:\/\/dentoss-ks.com\/wp-content\/uploads\/2023\/12\/cropped-logo-with-text-for-contact-compressed.png","contentUrl":"https:\/\/dentoss-ks.com\/wp-content\/uploads\/2023\/12\/cropped-logo-with-text-for-contact-compressed.png","width":512,"height":512,"caption":"Klinika DENTOSS"},"image":{"@id":"https:\/\/dentoss-ks.com\/#\/schema\/logo\/image\/"},"sameAs":["https:\/\/www.facebook.com\/dentoss.clinic","https:\/\/www.instagram.com\/dentoss.clinic\/"]}]}},"_links":{"self":[{"href":"https:\/\/dentoss-ks.com\/sq\/wp-json\/wp\/v2\/pages\/90","targetHints":{"allow":["GET"]}}],"collection":[{"href":"https:\/\/dentoss-ks.com\/sq\/wp-json\/wp\/v2\/pages"}],"about":[{"href":"https:\/\/dentoss-ks.com\/sq\/wp-json\/wp\/v2\/types\/page"}],"author":[{"embeddable":true,"href":"https:\/\/dentoss-ks.com\/sq\/wp-json\/wp\/v2\/users\/1"}],"replies":[{"embeddable":true,"href":"https:\/\/dentoss-ks.com\/sq\/wp-json\/wp\/v2\/comments?post=90"}],"version-history":[{"count":18,"href":"https:\/\/dentoss-ks.com\/sq\/wp-json\/wp\/v2\/pages\/90\/revisions"}],"predecessor-version":[{"id":1647,"href":"https:\/\/dentoss-ks.com\/sq\/wp-json\/wp\/v2\/pages\/90\/revisions\/1647"}],"wp:attachment":[{"href":"https:\/\/dentoss-ks.com\/sq\/wp-json\/wp\/v2\/media?parent=90"}],"curies":[{"name":"wp","href":"https:\/\/api.w.org\/{rel}","templated":true}]}}