{"id":974,"date":"2023-12-13T13:42:45","date_gmt":"2023-12-13T13:42:45","guid":{"rendered":"https:\/\/dentoss-ks.com\/?page_id=974"},"modified":"2025-07-16T14:18:18","modified_gmt":"2025-07-16T12:18:18","slug":"dr-esat-hetemi","status":"publish","type":"page","link":"https:\/\/dentoss-ks.com\/sq\/dr-esat-hetemi\/","title":{"rendered":"Dr. Esat Hetemi"},"content":{"rendered":"<div data-elementor-type=\"wp-page\" data-elementor-id=\"974\" class=\"elementor elementor-974\">\n\t\t\t\t<div class=\"elementor-element elementor-element-6b84980 e-con-full e-flex e-con e-parent\" data-id=\"6b84980\" data-element_type=\"container\" data-e-type=\"container\">\n\t\t<div class=\"elementor-element elementor-element-c44938e e-con-full e-flex e-con e-child\" data-id=\"c44938e\" data-element_type=\"container\" data-e-type=\"container\" data-settings=\"{&quot;background_background&quot;:&quot;classic&quot;}\">\n\t\t\t\t<div class=\"elementor-element elementor-element-b0926cf elementor-widget elementor-widget-image\" data-id=\"b0926cf\" data-element_type=\"widget\" data-e-type=\"widget\" data-settings=\"{&quot;ekit_we_effect_on&quot;:&quot;none&quot;}\" data-widget_type=\"image.default\">\n\t\t\t\t<div class=\"elementor-widget-container\">\n\t\t\t\t\t\t\t\t\t\t\t\t\t\t\t<img fetchpriority=\"high\" decoding=\"async\" width=\"724\" height=\"1024\" src=\"https:\/\/dentoss-ks.com\/wp-content\/uploads\/2025\/07\/1-724x1024.jpg\" class=\"attachment-large size-large wp-image-2176\" alt=\"\" srcset=\"https:\/\/dentoss-ks.com\/wp-content\/uploads\/2025\/07\/1-724x1024.jpg 724w, https:\/\/dentoss-ks.com\/wp-content\/uploads\/2025\/07\/1-212x300.jpg 212w, https:\/\/dentoss-ks.com\/wp-content\/uploads\/2025\/07\/1-768x1086.jpg 768w, https:\/\/dentoss-ks.com\/wp-content\/uploads\/2025\/07\/1-1086x1536.jpg 1086w, https:\/\/dentoss-ks.com\/wp-content\/uploads\/2025\/07\/1-1448x2048.jpg 1448w, https:\/\/dentoss-ks.com\/wp-content\/uploads\/2025\/07\/1-scaled.jpg 1810w\" sizes=\"(max-width: 724px) 100vw, 724px\" \/>\t\t\t\t\t\t\t\t\t\t\t\t\t\t\t<\/div>\n\t\t\t\t<\/div>\n\t\t\t\t<div class=\"elementor-element elementor-element-118f230 elementor-widget elementor-widget-heading\" data-id=\"118f230\" data-element_type=\"widget\" data-e-type=\"widget\" data-settings=\"{&quot;ekit_we_effect_on&quot;:&quot;none&quot;}\" data-widget_type=\"heading.default\">\n\t\t\t\t<div class=\"elementor-widget-container\">\n\t\t\t\t\t<h2 class=\"elementor-heading-title elementor-size-default\">Filozofia e Kujdesit<\/h2>\t\t\t\t<\/div>\n\t\t\t\t<\/div>\n\t\t\t\t<div class=\"elementor-element elementor-element-938bfb9 elementor-widget elementor-widget-text-editor\" data-id=\"938bfb9\" data-element_type=\"widget\" data-e-type=\"widget\" data-settings=\"{&quot;ekit_we_effect_on&quot;:&quot;none&quot;}\" data-widget_type=\"text-editor.default\">\n\t\t\t\t<div class=\"elementor-widget-container\">\n\t\t\t\t\t\t\t\t\t<p class=\"translation-block\">Dr. Hetemi e sheh stomatologjin\u00eb jo vet\u00ebm si nj\u00eb shkenc\u00eb, por edhe si nj\u00eb art. Qoft\u00eb kur vendos\nimplante apo kur krijon nj\u00eb buz\u00ebqeshje me faseta, q\u00ebllimi i tij \u00ebsht\u00eb t\u00eb rikthej\u00eb sh\u00ebndetin, funksionin\ndhe vet\u00ebbesimin p\u00ebrmes sakt\u00ebsis\u00eb, inovacionit dhe kujdesit t\u00eb ve\u00e7ant\u00eb. Ai beson se \u00e7do pacient\nmeriton nj\u00eb buz\u00ebqeshje q\u00eb pasqyron personalitetin e tij dhe p\u00ebrmir\u00ebson cil\u00ebsin\u00eb e jet\u00ebs.<\/p>\t\t\t\t\t\t\t\t<\/div>\n\t\t\t\t<\/div>\n\t\t\t\t<\/div>\n\t\t<div class=\"elementor-element elementor-element-716f47b e-con-full e-flex e-con e-child\" data-id=\"716f47b\" data-element_type=\"container\" data-e-type=\"container\" data-settings=\"{&quot;background_background&quot;:&quot;classic&quot;}\">\n\t\t\t\t<div class=\"elementor-element elementor-element-e512deb elementor-widget elementor-widget-heading\" data-id=\"e512deb\" data-element_type=\"widget\" data-e-type=\"widget\" data-settings=\"{&quot;ekit_we_effect_on&quot;:&quot;none&quot;}\" data-widget_type=\"heading.default\">\n\t\t\t\t<div class=\"elementor-widget-container\">\n\t\t\t\t\t<h2 class=\"elementor-heading-title elementor-size-default\">Dr. Esat Hetemi Msc.\n<\/h2>\t\t\t\t<\/div>\n\t\t\t\t<\/div>\n\t\t\t\t<div class=\"elementor-element elementor-element-9dde791 elementor-widget elementor-widget-text-editor\" data-id=\"9dde791\" data-element_type=\"widget\" data-e-type=\"widget\" data-settings=\"{&quot;ekit_we_effect_on&quot;:&quot;none&quot;}\" data-widget_type=\"text-editor.default\">\n\t\t\t\t<div class=\"elementor-widget-container\">\n\t\t\t\t\t\t\t\t\t<p class=\"translation-block\">Dr. Esat Hetemi, Msc.\n<span style=\"font-weight:bold\">Specialist i Kirurgjis\u00eb Orale | Master n\u00eb Implantologji dhe Regjenerim Kockor\nTrajnim i Avancuar n\u00eb Dentistri Estetike dhe Faseta Dentare <\/span><\/br>\nDr. Esat Hetemi \u00ebsht\u00eb nj\u00eb nga emrat m\u00eb t\u00eb njohur n\u00eb fush\u00ebn e kirurgjis\u00eb orale dhe implantologjis\u00eb\nn\u00eb Prishtin\u00eb. I vler\u00ebsuar p\u00ebr p\u00ebrkushtimin e tij ndaj precizionit kirurgjik dhe ndjeshm\u00ebris\u00eb estetike,\nai krijon buz\u00ebqeshje natyrale, harmonike dhe jet\u00ebgjata. Me m\u00eb shum\u00eb se 10 vite p\u00ebrvoj\u00eb klinike, Dr.\nHetemi \u00ebsht\u00eb i specializuar n\u00eb nd\u00ebrhyrje t\u00eb nd\u00ebrlikuara kirurgjike orale, vendosjen e implanteve\ndentare, dizajnin estetik t\u00eb buz\u00ebqeshjes dhe transformime t\u00eb plota t\u00eb goj\u00ebs.\nStudimet e tij n\u00eb stomatologji i ka p\u00ebrfunduar n\u00eb <span style=\"color: #0095b2\">Universitetin e Prishtin\u00ebs<\/span> n\u00eb vitin 2015, p\u00ebr t\u00eb\nvazhduar m\u00eb tej specializimin n\u00eb Kirurgji Orale n\u00eb Qendr\u00ebn Klinike Universitare t\u00eb Kosov\u00ebs, t\u00eb\np\u00ebrfunduar n\u00eb vitin 2020. Eksperienc\u00ebs s\u00eb tij i shtohet edhe formimi nd\u00ebrkomb\u00ebtar, p\u00ebrmes\ntrajnimeve intensive n\u00eb implantologji dhe augmentim kockor n\u00eb <span style=\"color: #0095b2\">Universitetin Mjek\u00ebsor t\u00eb Vjen\u00ebs <\/span>\nsi dhe p\u00ebrmes p\u00ebrfundimit t\u00eb Masterit n\u00eb Implantologji dhe Regjenerim Kockor n\u00eb <span style=\"color: #0095b2\"> Universit\u00e0\nCattolica del Sacro Cuore n\u00eb Rom\u00eb <\/span>, Itali.\nP\u00ebrve\u00e7 kirurgjis\u00eb dhe implantologjis\u00eb, Dr. Hetemi ka investuar vazhdimisht n\u00eb zhvillimin e aft\u00ebsive\nn\u00eb estetik\u00ebn dentare, duke ndjekur trajnime t\u00eb avancuara n\u00eb dentistri estetike, faseta, dhe teknika\nminimale invazive. Me nj\u00eb sy t\u00eb st\u00ebrvitur p\u00ebr estetik\u00ebn dhe nj\u00eb dor\u00eb precize, ai realizon buz\u00ebqeshje\nt\u00eb personalizuara q\u00eb i japin pacientit jo vet\u00ebm funksion, por edhe vet\u00ebbesim dhe bukuri natyrale.<\/p>\t\t\t\t\t\t\t\t<\/div>\n\t\t\t\t<\/div>\n\t\t\t\t<div class=\"elementor-element elementor-element-b16afe6 elementor-widget elementor-widget-text-editor\" data-id=\"b16afe6\" data-element_type=\"widget\" data-e-type=\"widget\" data-settings=\"{&quot;ekit_we_effect_on&quot;:&quot;none&quot;}\" data-widget_type=\"text-editor.default\">\n\t\t\t\t<div class=\"elementor-widget-container\">\n\t\t\t\t\t\t\t\t\t<p class=\"translation-block\"><span style=\"color: #0095b2;text-decoration: underline\">Arritje Profesionale<br><\/span>M\u00eb shum\u00eb se 4,000 nd\u00ebrhyrje kirurgjikale orale t\u00eb kryera me sukses<br>Mbi 15,000 pacient\u00eb t\u00eb trajtuar me kujdes dhe profesionaliz\u00ebm<br>Qindra buz\u00ebqeshje t\u00eb transformuara me faseta, kurora, dhe<br>dentistri estetike<br>Eksperienc\u00eb e gjer\u00eb n\u00eb rehabilitim t\u00eb plot\u00eb t\u00eb harqeve me<br> implante dentare<\/p>\t\t\t\t\t\t\t\t<\/div>\n\t\t\t\t<\/div>\n\t\t\t\t<div class=\"elementor-element elementor-element-9ac43e6 elementor-widget elementor-widget-text-editor\" data-id=\"9ac43e6\" data-element_type=\"widget\" data-e-type=\"widget\" data-settings=\"{&quot;ekit_we_effect_on&quot;:&quot;none&quot;}\" data-widget_type=\"text-editor.default\">\n\t\t\t\t<div class=\"elementor-widget-container\">\n\t\t\t\t\t\t\t\t\t<p><span style=\"color: #0095b2; text-decoration: underline;\"><br \/>Fushat e Ekspertiz\u00ebs<\/span><br \/>Implantologji dentare dhe graftime t\u00eb avancuara kockore<br \/>Faseta estetike dhe dizajn i personalizuar i buz\u00ebqeshjes<br \/>Rehabilitim protetik (kurora, ura, rikonstruksione t\u00eb plota t\u00eb harqeve)<br \/>restorations)<br \/>Nxjerrja kirurgjikale e dh\u00ebmballave t\u00eb pjekuris\u00eb dhe dh\u00ebmb\u00ebve t\u00eb retinuar<br \/>Trajtime t\u00eb avancuara si All-on-4 \/ All-on-6<br \/>Heqje t\u00eb kist\u00ebve dhe nd\u00ebrhyrje t\u00eb tjera kirurgjikale orale<br \/>Sinus lift \u2013 ngritje e sinusit p\u00ebr vendosjen e implanteve<\/p>\t\t\t\t\t\t\t\t<\/div>\n\t\t\t\t<\/div>\n\t\t\t\t<\/div>\n\t\t<div class=\"elementor-element elementor-element-b4ba2d7 e-con-full e-flex e-con e-child\" data-id=\"b4ba2d7\" data-element_type=\"container\" data-e-type=\"container\" data-settings=\"{&quot;background_background&quot;:&quot;classic&quot;}\">\n\t\t\t\t<\/div>\n\t\t\t\t<\/div>\n\t\t\t\t<\/div>","protected":false},"excerpt":{"rendered":"<p>Philosophy of Care Dr. Hetemi approaches dentistry notonly as a science but as an art. Whetherhe is placing implants or designing asmile with veneers, his goal is to restorehealth, function, and confidence throughprecision, innovation, and care. Hebelieves that every patient deserves asmile that reflects their personality andenhances their quality of life. Dr. Esat Hetemi Msc. [&hellip;]<\/p>\n","protected":false},"author":1,"featured_media":0,"parent":0,"menu_order":0,"comment_status":"closed","ping_status":"closed","template":"elementor_header_footer","meta":{"site-sidebar-layout":"no-sidebar","site-content-layout":"","ast-site-content-layout":"full-width-container","site-content-style":"default","site-sidebar-style":"default","ast-global-header-display":"","ast-banner-title-visibility":"","ast-main-header-display":"","ast-hfb-above-header-display":"","ast-hfb-below-header-display":"","ast-hfb-mobile-header-display":"","site-post-title":"disabled","ast-breadcrumbs-content":"","ast-featured-img":"disabled","footer-sml-layout":"","ast-disable-related-posts":"","theme-transparent-header-meta":"default","adv-header-id-meta":"","stick-header-meta":"","header-above-stick-meta":"","header-main-stick-meta":"","header-below-stick-meta":"","astra-migrate-meta-layouts":"set","ast-page-background-enabled":"default","ast-page-background-meta":{"desktop":{"background-color":"var(--ast-global-color-4)","background-image":"","background-repeat":"repeat","background-position":"center center","background-size":"auto","background-attachment":"scroll","background-type":"","background-media":"","overlay-type":"","overlay-color":"","overlay-opacity":"","overlay-gradient":""},"tablet":{"background-color":"","background-image":"","background-repeat":"repeat","background-position":"center center","background-size":"auto","background-attachment":"scroll","background-type":"","background-media":"","overlay-type":"","overlay-color":"","overlay-opacity":"","overlay-gradient":""},"mobile":{"background-color":"","background-image":"","background-repeat":"repeat","background-position":"center center","background-size":"auto","background-attachment":"scroll","background-type":"","background-media":"","overlay-type":"","overlay-color":"","overlay-opacity":"","overlay-gradient":""}},"ast-content-background-meta":{"desktop":{"background-color":"var(--ast-global-color-5)","background-image":"","background-repeat":"repeat","background-position":"center center","background-size":"auto","background-attachment":"scroll","background-type":"","background-media":"","overlay-type":"","overlay-color":"","overlay-opacity":"","overlay-gradient":""},"tablet":{"background-color":"var(--ast-global-color-5)","background-image":"","background-repeat":"repeat","background-position":"center center","background-size":"auto","background-attachment":"scroll","background-type":"","background-media":"","overlay-type":"","overlay-color":"","overlay-opacity":"","overlay-gradient":""},"mobile":{"background-color":"var(--ast-global-color-5)","background-image":"","background-repeat":"repeat","background-position":"center center","background-size":"auto","background-attachment":"scroll","background-type":"","background-media":"","overlay-type":"","overlay-color":"","overlay-opacity":"","overlay-gradient":""}},"footnotes":""},"class_list":["post-974","page","type-page","status-publish","hentry"],"yoast_head":"<!-- This site is optimized with the Yoast SEO plugin v27.4 - https:\/\/yoast.com\/product\/yoast-seo-wordpress\/ -->\n<title>Dr. Esat Hetemi | Klinika DENTOSS<\/title>\n<meta name=\"robots\" content=\"index, follow, max-snippet:-1, max-image-preview:large, max-video-preview:-1\" \/>\n<link rel=\"canonical\" href=\"https:\/\/dentoss-ks.com\/sq\/dr-esat-hetemi\/\" \/>\n<meta property=\"og:locale\" content=\"sq_AL\" \/>\n<meta property=\"og:type\" content=\"article\" \/>\n<meta property=\"og:title\" content=\"Dr. Esat Hetemi | Klinika DENTOSS\" \/>\n<meta property=\"og:description\" content=\"Philosophy of Care Dr. Hetemi approaches dentistry notonly as a science but as an art. Whetherhe is placing implants or designing asmile with veneers, his goal is to restorehealth, function, and confidence throughprecision, innovation, and care. Hebelieves that every patient deserves asmile that reflects their personality andenhances their quality of life. Dr. Esat Hetemi Msc. [&hellip;]\" \/>\n<meta property=\"og:url\" content=\"https:\/\/dentoss-ks.com\/sq\/dr-esat-hetemi\/\" \/>\n<meta property=\"og:site_name\" content=\"DENTOSS Clinic\" \/>\n<meta property=\"article:publisher\" content=\"https:\/\/www.facebook.com\/dentoss.clinic\" \/>\n<meta property=\"article:modified_time\" content=\"2025-07-16T12:18:18+00:00\" \/>\n<meta property=\"og:image\" content=\"https:\/\/dentoss-ks.com\/wp-content\/uploads\/2025\/07\/1-724x1024.jpg\" \/>\n<meta name=\"twitter:card\" content=\"summary_large_image\" \/>\n<meta name=\"twitter:label1\" content=\"Est. reading time\" \/>\n\t<meta name=\"twitter:data1\" content=\"2 minuta\" \/>\n<script type=\"application\/ld+json\" class=\"yoast-schema-graph\">{\"@context\":\"https:\\\/\\\/schema.org\",\"@graph\":[{\"@type\":\"WebPage\",\"@id\":\"https:\\\/\\\/dentoss-ks.com\\\/dr-esat-hetemi\\\/\",\"url\":\"https:\\\/\\\/dentoss-ks.com\\\/dr-esat-hetemi\\\/\",\"name\":\"Dr. Esat Hetemi | Klinika DENTOSS\",\"isPartOf\":{\"@id\":\"https:\\\/\\\/dentoss-ks.com\\\/#website\"},\"primaryImageOfPage\":{\"@id\":\"https:\\\/\\\/dentoss-ks.com\\\/dr-esat-hetemi\\\/#primaryimage\"},\"image\":{\"@id\":\"https:\\\/\\\/dentoss-ks.com\\\/dr-esat-hetemi\\\/#primaryimage\"},\"thumbnailUrl\":\"https:\\\/\\\/dentoss-ks.com\\\/wp-content\\\/uploads\\\/2025\\\/07\\\/1-724x1024.jpg\",\"datePublished\":\"2023-12-13T13:42:45+00:00\",\"dateModified\":\"2025-07-16T12:18:18+00:00\",\"breadcrumb\":{\"@id\":\"https:\\\/\\\/dentoss-ks.com\\\/dr-esat-hetemi\\\/#breadcrumb\"},\"inLanguage\":\"sq\",\"potentialAction\":[{\"@type\":\"ReadAction\",\"target\":[\"https:\\\/\\\/dentoss-ks.com\\\/dr-esat-hetemi\\\/\"]}]},{\"@type\":\"ImageObject\",\"inLanguage\":\"sq\",\"@id\":\"https:\\\/\\\/dentoss-ks.com\\\/dr-esat-hetemi\\\/#primaryimage\",\"url\":\"https:\\\/\\\/dentoss-ks.com\\\/wp-content\\\/uploads\\\/2025\\\/07\\\/1-724x1024.jpg\",\"contentUrl\":\"https:\\\/\\\/dentoss-ks.com\\\/wp-content\\\/uploads\\\/2025\\\/07\\\/1-724x1024.jpg\"},{\"@type\":\"BreadcrumbList\",\"@id\":\"https:\\\/\\\/dentoss-ks.com\\\/dr-esat-hetemi\\\/#breadcrumb\",\"itemListElement\":[{\"@type\":\"ListItem\",\"position\":1,\"name\":\"Home\",\"item\":\"https:\\\/\\\/dentoss-ks.com\\\/\"},{\"@type\":\"ListItem\",\"position\":2,\"name\":\"Dr. Esat Hetemi\"}]},{\"@type\":\"WebSite\",\"@id\":\"https:\\\/\\\/dentoss-ks.com\\\/#website\",\"url\":\"https:\\\/\\\/dentoss-ks.com\\\/\",\"name\":\"Klinika DENTOSS\",\"description\":\"A better life through better dentistry\",\"publisher\":{\"@id\":\"https:\\\/\\\/dentoss-ks.com\\\/#organization\"},\"potentialAction\":[{\"@type\":\"SearchAction\",\"target\":{\"@type\":\"EntryPoint\",\"urlTemplate\":\"https:\\\/\\\/dentoss-ks.com\\\/?s={search_term_string}\"},\"query-input\":{\"@type\":\"PropertyValueSpecification\",\"valueRequired\":true,\"valueName\":\"search_term_string\"}}],\"inLanguage\":\"sq\"},{\"@type\":\"Organization\",\"@id\":\"https:\\\/\\\/dentoss-ks.com\\\/#organization\",\"name\":\"Klinika DENTOSS\",\"url\":\"https:\\\/\\\/dentoss-ks.com\\\/\",\"logo\":{\"@type\":\"ImageObject\",\"inLanguage\":\"sq\",\"@id\":\"https:\\\/\\\/dentoss-ks.com\\\/#\\\/schema\\\/logo\\\/image\\\/\",\"url\":\"https:\\\/\\\/dentoss-ks.com\\\/wp-content\\\/uploads\\\/2023\\\/12\\\/cropped-logo-with-text-for-contact-compressed.png\",\"contentUrl\":\"https:\\\/\\\/dentoss-ks.com\\\/wp-content\\\/uploads\\\/2023\\\/12\\\/cropped-logo-with-text-for-contact-compressed.png\",\"width\":512,\"height\":512,\"caption\":\"Klinika DENTOSS\"},\"image\":{\"@id\":\"https:\\\/\\\/dentoss-ks.com\\\/#\\\/schema\\\/logo\\\/image\\\/\"},\"sameAs\":[\"https:\\\/\\\/www.facebook.com\\\/dentoss.clinic\",\"https:\\\/\\\/www.instagram.com\\\/dentoss.clinic\\\/\"]}]}<\/script>\n<!-- \/ Yoast SEO plugin. -->","yoast_head_json":{"title":"Dr. Esat Hetemi | Klinika DENTOSS","robots":{"index":"index","follow":"follow","max-snippet":"max-snippet:-1","max-image-preview":"max-image-preview:large","max-video-preview":"max-video-preview:-1"},"canonical":"https:\/\/dentoss-ks.com\/sq\/dr-esat-hetemi\/","og_locale":"sq_AL","og_type":"article","og_title":"Dr. Esat Hetemi | Klinika DENTOSS","og_description":"Philosophy of Care Dr. Hetemi approaches dentistry notonly as a science but as an art. Whetherhe is placing implants or designing asmile with veneers, his goal is to restorehealth, function, and confidence throughprecision, innovation, and care. Hebelieves that every patient deserves asmile that reflects their personality andenhances their quality of life. Dr. Esat Hetemi Msc. [&hellip;]","og_url":"https:\/\/dentoss-ks.com\/sq\/dr-esat-hetemi\/","og_site_name":"DENTOSS Clinic","article_publisher":"https:\/\/www.facebook.com\/dentoss.clinic","article_modified_time":"2025-07-16T12:18:18+00:00","og_image":[{"url":"https:\/\/dentoss-ks.com\/wp-content\/uploads\/2025\/07\/1-724x1024.jpg","type":"","width":"","height":""}],"twitter_card":"summary_large_image","twitter_misc":{"Est. reading time":"2 minuta"},"schema":{"@context":"https:\/\/schema.org","@graph":[{"@type":"WebPage","@id":"https:\/\/dentoss-ks.com\/dr-esat-hetemi\/","url":"https:\/\/dentoss-ks.com\/dr-esat-hetemi\/","name":"Dr. Esat Hetemi | Klinika DENTOSS","isPartOf":{"@id":"https:\/\/dentoss-ks.com\/#website"},"primaryImageOfPage":{"@id":"https:\/\/dentoss-ks.com\/dr-esat-hetemi\/#primaryimage"},"image":{"@id":"https:\/\/dentoss-ks.com\/dr-esat-hetemi\/#primaryimage"},"thumbnailUrl":"https:\/\/dentoss-ks.com\/wp-content\/uploads\/2025\/07\/1-724x1024.jpg","datePublished":"2023-12-13T13:42:45+00:00","dateModified":"2025-07-16T12:18:18+00:00","breadcrumb":{"@id":"https:\/\/dentoss-ks.com\/dr-esat-hetemi\/#breadcrumb"},"inLanguage":"sq","potentialAction":[{"@type":"ReadAction","target":["https:\/\/dentoss-ks.com\/dr-esat-hetemi\/"]}]},{"@type":"ImageObject","inLanguage":"sq","@id":"https:\/\/dentoss-ks.com\/dr-esat-hetemi\/#primaryimage","url":"https:\/\/dentoss-ks.com\/wp-content\/uploads\/2025\/07\/1-724x1024.jpg","contentUrl":"https:\/\/dentoss-ks.com\/wp-content\/uploads\/2025\/07\/1-724x1024.jpg"},{"@type":"BreadcrumbList","@id":"https:\/\/dentoss-ks.com\/dr-esat-hetemi\/#breadcrumb","itemListElement":[{"@type":"ListItem","position":1,"name":"Home","item":"https:\/\/dentoss-ks.com\/"},{"@type":"ListItem","position":2,"name":"Dr. Esat Hetemi"}]},{"@type":"WebSite","@id":"https:\/\/dentoss-ks.com\/#website","url":"https:\/\/dentoss-ks.com\/","name":"Klinika DENTOSS","description":"A better life through better dentistry","publisher":{"@id":"https:\/\/dentoss-ks.com\/#organization"},"potentialAction":[{"@type":"SearchAction","target":{"@type":"EntryPoint","urlTemplate":"https:\/\/dentoss-ks.com\/?s={search_term_string}"},"query-input":{"@type":"PropertyValueSpecification","valueRequired":true,"valueName":"search_term_string"}}],"inLanguage":"sq"},{"@type":"Organization","@id":"https:\/\/dentoss-ks.com\/#organization","name":"Klinika DENTOSS","url":"https:\/\/dentoss-ks.com\/","logo":{"@type":"ImageObject","inLanguage":"sq","@id":"https:\/\/dentoss-ks.com\/#\/schema\/logo\/image\/","url":"https:\/\/dentoss-ks.com\/wp-content\/uploads\/2023\/12\/cropped-logo-with-text-for-contact-compressed.png","contentUrl":"https:\/\/dentoss-ks.com\/wp-content\/uploads\/2023\/12\/cropped-logo-with-text-for-contact-compressed.png","width":512,"height":512,"caption":"Klinika DENTOSS"},"image":{"@id":"https:\/\/dentoss-ks.com\/#\/schema\/logo\/image\/"},"sameAs":["https:\/\/www.facebook.com\/dentoss.clinic","https:\/\/www.instagram.com\/dentoss.clinic\/"]}]}},"_links":{"self":[{"href":"https:\/\/dentoss-ks.com\/sq\/wp-json\/wp\/v2\/pages\/974","targetHints":{"allow":["GET"]}}],"collection":[{"href":"https:\/\/dentoss-ks.com\/sq\/wp-json\/wp\/v2\/pages"}],"about":[{"href":"https:\/\/dentoss-ks.com\/sq\/wp-json\/wp\/v2\/types\/page"}],"author":[{"embeddable":true,"href":"https:\/\/dentoss-ks.com\/sq\/wp-json\/wp\/v2\/users\/1"}],"replies":[{"embeddable":true,"href":"https:\/\/dentoss-ks.com\/sq\/wp-json\/wp\/v2\/comments?post=974"}],"version-history":[{"count":38,"href":"https:\/\/dentoss-ks.com\/sq\/wp-json\/wp\/v2\/pages\/974\/revisions"}],"predecessor-version":[{"id":2194,"href":"https:\/\/dentoss-ks.com\/sq\/wp-json\/wp\/v2\/pages\/974\/revisions\/2194"}],"wp:attachment":[{"href":"https:\/\/dentoss-ks.com\/sq\/wp-json\/wp\/v2\/media?parent=974"}],"curies":[{"name":"wp","href":"https:\/\/api.w.org\/{rel}","templated":true}]}}